{"id":148417,"date":"2022-05-15T23:46:17","date_gmt":"2025-05-03T12:30:19","guid":{"rendered":"https:\/\/kingarms.ee\/product\/m2-raudonos-tasko-matimo-replika-tiklas-o\/"},"modified":"2025-05-03T15:30:19","modified_gmt":"2025-05-03T12:30:19","slug":"m2-raudonos-tasko-matimo-replika-tiklas-o","status":"publish","type":"product","link":"https:\/\/kingarms.ee\/lt\/product\/m2-raudonos-tasko-matimo-replika-tiklas-o\/","title":{"rendered":"M2 Raudonos Ta\u0161ko Matimo Replika Tiklas O"},"content":{"rendered":"","protected":false},"excerpt":{"rendered":"<p>M2 Raudonos Ta\u0161ko Matimo Replika Tiklas O<\/p>\n<p>M2 kolimatorinio taikiklio kopija turi skland\u0173 taikiklio pad\u0117ties reguliavim\u0105 (dviem ranken\u0117l\u0117mis). Be to, \u0161aulys gali reguliuoti taikiklio ry\u0161kum\u0105 penkiais laipsniais.<\/p>\n<p>Atlenkiami dangteliai apsaugo akinius juos transportuojant ir leid\u017eia naudoti special\u0173 nukreipimo b\u016bd\u0105 su u\u017edarytu dangteliu, tod\u0117l daug lengviau naudoti kolimatori\u0173 \u0161viesiose patalpose arba prie stiprios dienos \u0161viesos, i\u0161laikant vaizdo ai\u0161kum\u0105 ir a\u0161trum\u0105.<\/p>\n<p>Jis turi \u017eem\u0105 laikikl\u012f, leid\u017eiant\u012f sumontuoti kolimatori\u0173 ant bet kurios replikos, turin\u010dios 22 mm RIS b\u0117gel\u012f.<\/p>\n<p>I\u0161versta su www.DeepL.com\/Translator (nemokama versija)<\/p>\n","protected":false},"featured_media":119338,"template":"","meta":{"_acf_changed":false},"product_brand":[],"product_cat":[1205],"product_tag":[],"class_list":{"0":"post-148417","1":"product","2":"type-product","3":"status-publish","4":"has-post-thumbnail","6":"product_cat-vaizdai-lt","8":"first","9":"instock","10":"purchasable","11":"product-type-simple"},"acf":[],"_links":{"self":[{"href":"https:\/\/kingarms.ee\/lt\/wp-json\/wp\/v2\/product\/148417","targetHints":{"allow":["GET"]}}],"collection":[{"href":"https:\/\/kingarms.ee\/lt\/wp-json\/wp\/v2\/product"}],"about":[{"href":"https:\/\/kingarms.ee\/lt\/wp-json\/wp\/v2\/types\/product"}],"wp:featuredmedia":[{"embeddable":true,"href":"https:\/\/kingarms.ee\/lt\/wp-json\/wp\/v2\/media\/119338"}],"wp:attachment":[{"href":"https:\/\/kingarms.ee\/lt\/wp-json\/wp\/v2\/media?parent=148417"}],"wp:term":[{"taxonomy":"product_brand","embeddable":true,"href":"https:\/\/kingarms.ee\/lt\/wp-json\/wp\/v2\/product_brand?post=148417"},{"taxonomy":"product_cat","embeddable":true,"href":"https:\/\/kingarms.ee\/lt\/wp-json\/wp\/v2\/product_cat?post=148417"},{"taxonomy":"product_tag","embeddable":true,"href":"https:\/\/kingarms.ee\/lt\/wp-json\/wp\/v2\/product_tag?post=148417"}],"curies":[{"name":"wp","href":"https:\/\/api.w.org\/{rel}","templated":true}]}}