{"id":148422,"date":"2022-05-15T23:46:17","date_gmt":"2025-05-03T12:37:41","guid":{"rendered":"https:\/\/kingarms.ee\/product\/bb-x3300w-valdymo-sistema-juoda\/"},"modified":"2025-05-03T15:37:41","modified_gmt":"2025-05-03T12:37:41","slug":"bb-x3300w-valdymo-sistema-juoda","status":"publish","type":"product","link":"https:\/\/kingarms.ee\/lt\/product\/bb-x3300w-valdymo-sistema-juoda\/","title":{"rendered":"BB X3300W valdymo sistema juoda"},"content":{"rendered":"","protected":false},"excerpt":{"rendered":"<p>BB X3300W valdymo sistema juoda<\/p>\n<p>Populiariausi\u0173 chronograf\u0173 vartotojams k\u016br\u0117jai suk\u016br\u0117 nauj\u0105 &#8220;viskas viename&#8221; prietais\u0105, kurio atitikmen\u012f sunku rasti tarp konkurent\u0173. Naujieji &#8220;Xcortech&#8221; chronografai &#8211; tai \u0161aulio duslintuvo \/ BB \u0161viestuvo su integruotu chronometru ir kompiuteriu valdomu i\u0161\u0161aut\u0173 kulk\u0173 skaitikliu bei ugnies grei\u010dio matuokliu derinys. Jutikliai gali skai\u010diuoti arba sumuoti ir rodyti rezultatus LCD ekrane, kad naudotojas b\u016bt\u0173 informuotas apie numatom\u0105 \u0161audmen\u0173 kiek\u012f, likus\u012f d\u0117tuv\u0117je. Kita vertus, MOSFET gali ne tik valdyti vis\u0105 sprogimo da\u017en\u012f, bet ir kontroliuoti akumuliatoriaus \u012ftamp\u0105 ir belaid\u017eiu ry\u0161iu si\u0173sti rezultat\u0105 \u012f PEQ d\u0117\u017eut\u0119, kuri j\u012f rodys LCD ekrane, o esant \u017eemai \u012ftampai prane\u0161 naudotojui.<br \/>\nVisa informacija i\u0161 slopintuvo bloko belaid\u017eiu ry\u0161iu perduodama tiesiai \u012f AN\/PEQ blok\u0105. Rinkin\u012f galima programuoti ir rodyti informacij\u0105 per AN\/PEQ langel\u012f. Skai\u010diavimo rezultatai nulinami naudojant ry\u0161kumo ranken\u0117l\u0119, tereikia j\u0105 \u0161iek tiek paspausti.<br \/>\n\u0160is rinkinys leid\u017eia atlikti tikslius matavimus bet kuriuo metu, net ir lauke.<\/p>\n","protected":false},"featured_media":119364,"template":"","meta":{"_acf_changed":false},"product_brand":[],"product_cat":[1256],"product_tag":[],"class_list":{"0":"post-148422","1":"product","2":"type-product","3":"status-publish","4":"has-post-thumbnail","6":"product_cat-duslintuvai","8":"first","9":"instock","10":"sale","11":"purchasable","12":"product-type-simple"},"acf":[],"_links":{"self":[{"href":"https:\/\/kingarms.ee\/lt\/wp-json\/wp\/v2\/product\/148422","targetHints":{"allow":["GET"]}}],"collection":[{"href":"https:\/\/kingarms.ee\/lt\/wp-json\/wp\/v2\/product"}],"about":[{"href":"https:\/\/kingarms.ee\/lt\/wp-json\/wp\/v2\/types\/product"}],"wp:featuredmedia":[{"embeddable":true,"href":"https:\/\/kingarms.ee\/lt\/wp-json\/wp\/v2\/media\/119364"}],"wp:attachment":[{"href":"https:\/\/kingarms.ee\/lt\/wp-json\/wp\/v2\/media?parent=148422"}],"wp:term":[{"taxonomy":"product_brand","embeddable":true,"href":"https:\/\/kingarms.ee\/lt\/wp-json\/wp\/v2\/product_brand?post=148422"},{"taxonomy":"product_cat","embeddable":true,"href":"https:\/\/kingarms.ee\/lt\/wp-json\/wp\/v2\/product_cat?post=148422"},{"taxonomy":"product_tag","embeddable":true,"href":"https:\/\/kingarms.ee\/lt\/wp-json\/wp\/v2\/product_tag?post=148422"}],"curies":[{"name":"wp","href":"https:\/\/api.w.org\/{rel}","templated":true}]}}