{"id":148428,"date":"2022-05-15T23:46:17","date_gmt":"2025-05-03T12:44:27","guid":{"rendered":"https:\/\/kingarms.ee\/product\/vidutines-talpos-190-kulku-detuve-skirta-m4-m16-kopijoms-2\/"},"modified":"2025-05-03T15:44:27","modified_gmt":"2025-05-03T12:44:27","slug":"vidutines-talpos-190-kulku-detuve-skirta-m4-m16-kopijoms-2","status":"publish","type":"product","link":"https:\/\/kingarms.ee\/lt\/product\/vidutines-talpos-190-kulku-detuve-skirta-m4-m16-kopijoms-2\/","title":{"rendered":"Vidutin\u0117s talpos 190 kulk\u0173 d\u0117tuv\u0117, skirta M4\/M16 kopijoms"},"content":{"rendered":"","protected":false},"excerpt":{"rendered":"<p>\u017durnal\u0173 talpa [vnt] 190<br \/>\n\u017durnalo tipas Magazynek tipo Mid-Cap<br \/>\nSkirta Repliki tipo M4\/M16<br \/>\nPagaminta i\u0161 plastiko ir metalo<br \/>\nSpalva Juoda<\/p>\n","protected":false},"featured_media":119372,"template":"","meta":{"_acf_changed":false},"product_brand":[],"product_cat":[1199,1198],"product_tag":[],"class_list":{"0":"post-148428","1":"product","2":"type-product","3":"status-publish","4":"has-post-thumbnail","6":"product_cat-airsoft-lt","7":"product_cat-cheaters-ir-kisenes","9":"first","10":"instock","11":"purchasable","12":"product-type-simple"},"acf":[],"_links":{"self":[{"href":"https:\/\/kingarms.ee\/lt\/wp-json\/wp\/v2\/product\/148428","targetHints":{"allow":["GET"]}}],"collection":[{"href":"https:\/\/kingarms.ee\/lt\/wp-json\/wp\/v2\/product"}],"about":[{"href":"https:\/\/kingarms.ee\/lt\/wp-json\/wp\/v2\/types\/product"}],"wp:featuredmedia":[{"embeddable":true,"href":"https:\/\/kingarms.ee\/lt\/wp-json\/wp\/v2\/media\/119372"}],"wp:attachment":[{"href":"https:\/\/kingarms.ee\/lt\/wp-json\/wp\/v2\/media?parent=148428"}],"wp:term":[{"taxonomy":"product_brand","embeddable":true,"href":"https:\/\/kingarms.ee\/lt\/wp-json\/wp\/v2\/product_brand?post=148428"},{"taxonomy":"product_cat","embeddable":true,"href":"https:\/\/kingarms.ee\/lt\/wp-json\/wp\/v2\/product_cat?post=148428"},{"taxonomy":"product_tag","embeddable":true,"href":"https:\/\/kingarms.ee\/lt\/wp-json\/wp\/v2\/product_tag?post=148428"}],"curies":[{"name":"wp","href":"https:\/\/api.w.org\/{rel}","templated":true}]}}