{"id":148431,"date":"2022-05-15T23:46:17","date_gmt":"2025-05-03T12:46:44","guid":{"rendered":"https:\/\/kingarms.ee\/product\/hi-cap-aug-zurnalas-330-soviniu\/"},"modified":"2025-05-03T15:46:44","modified_gmt":"2025-05-03T12:46:44","slug":"hi-cap-aug-zurnalas-330-soviniu","status":"publish","type":"product","link":"https:\/\/kingarms.ee\/lt\/product\/hi-cap-aug-zurnalas-330-soviniu\/","title":{"rendered":"Hi-Cap AUG \u017eurnalas (330 \u0161ovini\u0173)"},"content":{"rendered":"","protected":false},"excerpt":{"rendered":"<p>Hi-Cap AUG \u017eurnalas (330 \u0161ovini\u0173)<\/p>\n<p>\u017durnal\u0173 talpa [vnt] 330<br \/>\n\u017durnalo tipas Hi-Cap \u017eurnalas<br \/>\nSkirta Repliki tipo AUG<br \/>\nPagamintas i\u0161 plastiko<\/p>\n","protected":false},"featured_media":119376,"template":"","meta":{"_acf_changed":false},"product_brand":[],"product_cat":[1199,1198],"product_tag":[],"class_list":{"0":"post-148431","1":"product","2":"type-product","3":"status-publish","4":"has-post-thumbnail","6":"product_cat-airsoft-lt","7":"product_cat-cheaters-ir-kisenes","9":"first","10":"instock","11":"purchasable","12":"product-type-simple"},"acf":[],"_links":{"self":[{"href":"https:\/\/kingarms.ee\/lt\/wp-json\/wp\/v2\/product\/148431","targetHints":{"allow":["GET"]}}],"collection":[{"href":"https:\/\/kingarms.ee\/lt\/wp-json\/wp\/v2\/product"}],"about":[{"href":"https:\/\/kingarms.ee\/lt\/wp-json\/wp\/v2\/types\/product"}],"wp:featuredmedia":[{"embeddable":true,"href":"https:\/\/kingarms.ee\/lt\/wp-json\/wp\/v2\/media\/119376"}],"wp:attachment":[{"href":"https:\/\/kingarms.ee\/lt\/wp-json\/wp\/v2\/media?parent=148431"}],"wp:term":[{"taxonomy":"product_brand","embeddable":true,"href":"https:\/\/kingarms.ee\/lt\/wp-json\/wp\/v2\/product_brand?post=148431"},{"taxonomy":"product_cat","embeddable":true,"href":"https:\/\/kingarms.ee\/lt\/wp-json\/wp\/v2\/product_cat?post=148431"},{"taxonomy":"product_tag","embeddable":true,"href":"https:\/\/kingarms.ee\/lt\/wp-json\/wp\/v2\/product_tag?post=148431"}],"curies":[{"name":"wp","href":"https:\/\/api.w.org\/{rel}","templated":true}]}}