{"id":148433,"date":"2022-05-15T23:46:17","date_gmt":"2025-05-03T12:49:11","guid":{"rendered":"https:\/\/kingarms.ee\/product\/mazos-talpos-30-vnt-zurnalas-arp9-gg-replikoms\/"},"modified":"2025-05-03T15:49:11","modified_gmt":"2025-05-03T12:49:11","slug":"mazos-talpos-30-vnt-zurnalas-arp9-gg-replikoms","status":"publish","type":"product","link":"https:\/\/kingarms.ee\/lt\/product\/mazos-talpos-30-vnt-zurnalas-arp9-gg-replikoms\/","title":{"rendered":"Ma\u017eos talpos 30 vnt. \u017eurnalas ARP9 G&amp;G replikoms"},"content":{"rendered":"","protected":false},"excerpt":{"rendered":"<p>Ma\u017eos talpos 30 vnt. \u017eurnalas ARP9 G&amp;G replikoms<\/p>\n<p>Ma\u017eo galingumo 30 vnt. d\u0117tuv\u0117 ARP9 G&amp;G replikoms<br \/>\nI\u0161 patvaraus polimero pagamintas &#8222;Low-Cap&#8221; d\u0117klas, kuriame telpa iki 30 kulk\u0173. \u017durnalas skirtas &#8222;G&amp;G&#8221; gaminamoms ARP9 replikoms.<br \/>\nSukurta ARP 9<\/p>\n","protected":false},"featured_media":119380,"template":"","meta":{"_acf_changed":false},"product_brand":[],"product_cat":[1199,1198],"product_tag":[],"class_list":{"0":"post-148433","1":"product","2":"type-product","3":"status-publish","4":"has-post-thumbnail","6":"product_cat-airsoft-lt","7":"product_cat-cheaters-ir-kisenes","9":"first","10":"instock","11":"purchasable","12":"product-type-simple"},"acf":[],"_links":{"self":[{"href":"https:\/\/kingarms.ee\/lt\/wp-json\/wp\/v2\/product\/148433","targetHints":{"allow":["GET"]}}],"collection":[{"href":"https:\/\/kingarms.ee\/lt\/wp-json\/wp\/v2\/product"}],"about":[{"href":"https:\/\/kingarms.ee\/lt\/wp-json\/wp\/v2\/types\/product"}],"wp:featuredmedia":[{"embeddable":true,"href":"https:\/\/kingarms.ee\/lt\/wp-json\/wp\/v2\/media\/119380"}],"wp:attachment":[{"href":"https:\/\/kingarms.ee\/lt\/wp-json\/wp\/v2\/media?parent=148433"}],"wp:term":[{"taxonomy":"product_brand","embeddable":true,"href":"https:\/\/kingarms.ee\/lt\/wp-json\/wp\/v2\/product_brand?post=148433"},{"taxonomy":"product_cat","embeddable":true,"href":"https:\/\/kingarms.ee\/lt\/wp-json\/wp\/v2\/product_cat?post=148433"},{"taxonomy":"product_tag","embeddable":true,"href":"https:\/\/kingarms.ee\/lt\/wp-json\/wp\/v2\/product_tag?post=148433"}],"curies":[{"name":"wp","href":"https:\/\/api.w.org\/{rel}","templated":true}]}}