{"id":148444,"date":"2022-05-14T17:45:45","date_gmt":"2025-05-03T13:00:12","guid":{"rendered":"https:\/\/kingarms.ee\/product\/uzdarykite-zudiku-duju-koncentruota-flash-hider-elementa\/"},"modified":"2025-05-03T16:00:12","modified_gmt":"2025-05-03T13:00:12","slug":"uzdarykite-zudiku-duju-koncentruota-flash-hider-elementa","status":"publish","type":"product","link":"https:\/\/kingarms.ee\/lt\/product\/uzdarykite-zudiku-duju-koncentruota-flash-hider-elementa\/","title":{"rendered":"U\u017edarykite \u017eudik\u0173 duj\u0173 koncentruot\u0105 \u201eFlash Hider\u201c element\u0105"},"content":{"rendered":"","protected":false},"excerpt":{"rendered":"<p>U\u017edarykite \u017eudik\u0173 duj\u0173 koncentruot\u0105 \u201eFlash Hider\u201c element\u0105<\/p>\n<p>Tai blykst\u0117s sl\u0117ptuv\u0117s kopija. \u0160is pried\u0117lis buvo sukurtas speciali\u0173j\u0173 paj\u0117g\u0173 daliniams, atsi\u017evelgiant \u012f CQB kov\u0105, kai standartiniai blyksni\u0173 sl\u0117ptuv\u0117s ir pried\u0117lio stabd\u017eiai i\u0161sklaido dujas \u012f \u0161onus, kad suma\u017eint\u0173 atoveiksm\u012f &#8211; \u010dia dujos koncentruojamos \u0161audymo kryptimi ir n\u0117ra i\u0161sklaidomos. Tai s\u0105moningas veiksmas, kurio tikslas &#8211; i\u0161vengti \u0161alia \u0161aulio stovin\u010di\u0173 komandos draug\u0173 nudegimo.  <\/p>\n","protected":false},"featured_media":118901,"template":"","meta":{"_acf_changed":false},"product_brand":[],"product_cat":[1256],"product_tag":[],"class_list":{"0":"post-148444","1":"product","2":"type-product","3":"status-publish","4":"has-post-thumbnail","6":"product_cat-duslintuvai","8":"first","9":"instock","10":"purchasable","11":"product-type-simple"},"acf":[],"_links":{"self":[{"href":"https:\/\/kingarms.ee\/lt\/wp-json\/wp\/v2\/product\/148444","targetHints":{"allow":["GET"]}}],"collection":[{"href":"https:\/\/kingarms.ee\/lt\/wp-json\/wp\/v2\/product"}],"about":[{"href":"https:\/\/kingarms.ee\/lt\/wp-json\/wp\/v2\/types\/product"}],"wp:featuredmedia":[{"embeddable":true,"href":"https:\/\/kingarms.ee\/lt\/wp-json\/wp\/v2\/media\/118901"}],"wp:attachment":[{"href":"https:\/\/kingarms.ee\/lt\/wp-json\/wp\/v2\/media?parent=148444"}],"wp:term":[{"taxonomy":"product_brand","embeddable":true,"href":"https:\/\/kingarms.ee\/lt\/wp-json\/wp\/v2\/product_brand?post=148444"},{"taxonomy":"product_cat","embeddable":true,"href":"https:\/\/kingarms.ee\/lt\/wp-json\/wp\/v2\/product_cat?post=148444"},{"taxonomy":"product_tag","embeddable":true,"href":"https:\/\/kingarms.ee\/lt\/wp-json\/wp\/v2\/product_tag?post=148444"}],"curies":[{"name":"wp","href":"https:\/\/api.w.org\/{rel}","templated":true}]}}