{"id":148459,"date":"2022-05-14T17:45:31","date_gmt":"2025-05-03T13:32:28","guid":{"rendered":"https:\/\/kingarms.ee\/product\/6-src-revolverio-apvalkalu-rinkinys\/"},"modified":"2025-05-03T16:32:28","modified_gmt":"2025-05-03T13:32:28","slug":"6-src-revolverio-apvalkalu-rinkinys","status":"publish","type":"product","link":"https:\/\/kingarms.ee\/lt\/product\/6-src-revolverio-apvalkalu-rinkinys\/","title":{"rendered":"6 SRC revolverio apvalkal\u0173 rinkinys"},"content":{"rendered":"","protected":false},"excerpt":{"rendered":"<p>6 atsargini\u0173 \u0161ovini\u0173 rinkinys, skirtas SRC revolveriams. Pagaminta i\u0161 metalo ir gumos.<\/p>\n<p>Techniniai duomenys<br \/>\nMed\u017eiaga: metalas ir guma<br \/>\nKalibras: 6 mm ASG<br \/>\nKiekis: 6 vnt.<br \/>\nSvoris: 60 g<br \/>\nGamintojas: SRC<\/p>\n","protected":false},"featured_media":119041,"template":"","meta":{"_acf_changed":false},"product_brand":[],"product_cat":[1198],"product_tag":[],"class_list":{"0":"post-148459","1":"product","2":"type-product","3":"status-publish","4":"has-post-thumbnail","6":"product_cat-cheaters-ir-kisenes","8":"first","9":"instock","10":"purchasable","11":"product-type-simple"},"acf":[],"_links":{"self":[{"href":"https:\/\/kingarms.ee\/lt\/wp-json\/wp\/v2\/product\/148459","targetHints":{"allow":["GET"]}}],"collection":[{"href":"https:\/\/kingarms.ee\/lt\/wp-json\/wp\/v2\/product"}],"about":[{"href":"https:\/\/kingarms.ee\/lt\/wp-json\/wp\/v2\/types\/product"}],"wp:featuredmedia":[{"embeddable":true,"href":"https:\/\/kingarms.ee\/lt\/wp-json\/wp\/v2\/media\/119041"}],"wp:attachment":[{"href":"https:\/\/kingarms.ee\/lt\/wp-json\/wp\/v2\/media?parent=148459"}],"wp:term":[{"taxonomy":"product_brand","embeddable":true,"href":"https:\/\/kingarms.ee\/lt\/wp-json\/wp\/v2\/product_brand?post=148459"},{"taxonomy":"product_cat","embeddable":true,"href":"https:\/\/kingarms.ee\/lt\/wp-json\/wp\/v2\/product_cat?post=148459"},{"taxonomy":"product_tag","embeddable":true,"href":"https:\/\/kingarms.ee\/lt\/wp-json\/wp\/v2\/product_tag?post=148459"}],"curies":[{"name":"wp","href":"https:\/\/api.w.org\/{rel}","templated":true}]}}