{"id":148463,"date":"2022-06-27T11:42:22","date_gmt":"2025-05-04T08:45:27","guid":{"rendered":"https:\/\/kingarms.ee\/product\/mre-ration-india-3-patiekalai-741g\/"},"modified":"2025-05-04T11:45:27","modified_gmt":"2025-05-04T08:45:27","slug":"mre-ration-india-3-patiekalai-741g","status":"publish","type":"product","link":"https:\/\/kingarms.ee\/lt\/product\/mre-ration-india-3-patiekalai-741g\/","title":{"rendered":"MRE Ration INDIA 3 patiekalai 741g"},"content":{"rendered":"","protected":false},"excerpt":{"rendered":"<p>MRE Ration INDIA 3 patiekalai 741g<\/p>\n<p>&#8222;Tactical Foodpack&#8221; maisto daviniai &#8222;Golf&#8221;, &#8222;Hotel&#8221; ir &#8222;India&#8221; yra skirti pad\u0117ti jums patiems planuoti savo laik\u0105 ir maist\u0105. Didel\u0117s maistin\u0117s vert\u0117s pakuot\u0117se yra trys &#8222;Tactical Foodpack&#8221; patiekalai, \u012fvair\u016bs u\u017ekand\u017eiai ir liofilizuoti ledai desertui. Gaivinan\u010diam g\u0117rimui galite pasigaminti kavos arba kakavos. Prieduose yra \u0161auk\u0161telis, &#8222;Tactical&#8221; g\u0117rim\u0173 u\u017epildas ir &#8222;Tactical&#8221; du\u0161o ir dezinfekuojamosios rank\u0173 servet\u0117l\u0117s asmens higienai. Raciono pakuot\u0117 yra daugkartinio naudojimo.    <\/p>\n<p><strong>Neleiskite sau nusileisti \u012f raudon\u0105j\u0105 pus\u0119 &#8211; palaikykite auk\u0161t\u0105 energijos lyg\u012f!<\/strong><\/p>\n<p>Paket\u0105 sudaro:<\/p>\n<ul>\n<li>Tra\u0161k\u016bs musli su bra\u0161k\u0117mis &#8211; neto 125 g, vienos porcijos energin\u0117 vert\u0117 504 kcal<\/li>\n<li>Jautienos ir bulvi\u0173 tro\u0161kinys &#8211; neto mas\u0117 100 g, vienos porcijos energin\u0117 vert\u0117 515 kcal<\/li>\n<li>Makaron\u0173 patiekalas su vi\u0161tiena &#8211; neto 115 g, vienos porcijos energin\u0117 vert\u0117 550 kcal<\/li>\n<li>Duona &#8211; neto mas\u0117 100 g, vienos porcijos energin\u0117 vert\u0117 262 kcal<\/li>\n<li>&#8222;Core Shake Tropical Mix&#8221; &#8211; grynoji mas\u0117 60 g, vienos porcijos energin\u0117 vert\u0117 306 kcal<\/li>\n<li>Kalakutienos d\u017ei\u016bv\u0117siai su medumi ir garsty\u010diomis &#8211; neto mas\u0117 40 g, vienos porcijos energin\u0117 vert\u0117 112 kcal<\/li>\n<li>Kraujo Beri vy\u0161ni\u0173 skonio vaisi\u0173 \u0161onkauliukai &#8211; neto mas\u0117 50 g, vienos porcijos energin\u0117 vert\u0117 174 kcal<\/li>\n<li>Energinis baton\u0117lis su \u017eem\u0117s rie\u0161utais &#8211; neto mas\u0117 120 g, vienos porcijos energin\u0117 vert\u0117 570 kcal.<\/li>\n<li>Liofilizuoti ledai su karamele &#8211; neto mas\u0117 38 g, vienos porcijos energin\u0117 vert\u0117 174 kcal<\/li>\n<li>Kava &#8211; grynasis svoris 2,4 g<\/li>\n<li>Grynasis cukrus &#8211; 6 g, energin\u0117 vert\u0117 vienoje porcijoje 23,7 kcal<\/li>\n<li>Kakava &#8211; neto mas\u0117 25 g, energin\u0117 vert\u0117 vienoje porcijoje 97,5 kcal<\/li>\n<li>\u0160auk\u0161tas<\/li>\n<li>Yogi vir\u0161us<\/li>\n<li>Taktinis du\u0161as<\/li>\n<li>3x Dezinfekuojanti rank\u0173 valymo servet\u0117l\u0117<\/li>\n<\/ul>\n<p>3 maisto davinys Indija Energin\u0117 vert\u0117: 2714 kcal<\/p>\n<p>Grynasis svoris: 680 g<\/p>\n<p><strong>Geriausia prie\u0161<\/strong>:<br clear=\"none\">8 metai pagrindiniams maisto produktams<br clear=\"none\">3 metai u\u017ekand\u017eiams<\/p>\n","protected":false},"featured_media":122707,"template":"","meta":{"_acf_changed":false},"product_brand":[],"product_cat":[1272],"product_tag":[],"class_list":{"0":"post-148463","1":"product","2":"type-product","3":"status-publish","4":"has-post-thumbnail","6":"product_cat-taktine-maisto-pakuote","8":"first","9":"instock","10":"taxable","11":"shipping-taxable","12":"purchasable","13":"product-type-simple"},"acf":[],"_links":{"self":[{"href":"https:\/\/kingarms.ee\/lt\/wp-json\/wp\/v2\/product\/148463","targetHints":{"allow":["GET"]}}],"collection":[{"href":"https:\/\/kingarms.ee\/lt\/wp-json\/wp\/v2\/product"}],"about":[{"href":"https:\/\/kingarms.ee\/lt\/wp-json\/wp\/v2\/types\/product"}],"wp:featuredmedia":[{"embeddable":true,"href":"https:\/\/kingarms.ee\/lt\/wp-json\/wp\/v2\/media\/122707"}],"wp:attachment":[{"href":"https:\/\/kingarms.ee\/lt\/wp-json\/wp\/v2\/media?parent=148463"}],"wp:term":[{"taxonomy":"product_brand","embeddable":true,"href":"https:\/\/kingarms.ee\/lt\/wp-json\/wp\/v2\/product_brand?post=148463"},{"taxonomy":"product_cat","embeddable":true,"href":"https:\/\/kingarms.ee\/lt\/wp-json\/wp\/v2\/product_cat?post=148463"},{"taxonomy":"product_tag","embeddable":true,"href":"https:\/\/kingarms.ee\/lt\/wp-json\/wp\/v2\/product_tag?post=148463"}],"curies":[{"name":"wp","href":"https:\/\/api.w.org\/{rel}","templated":true}]}}