{"id":148465,"date":"2022-06-27T11:38:19","date_gmt":"2025-05-04T08:48:35","guid":{"rendered":"https:\/\/kingarms.ee\/product\/mre-racionas-golf-3-patiekalai-724g\/"},"modified":"2025-05-04T11:48:35","modified_gmt":"2025-05-04T08:48:35","slug":"mre-racionas-golf-3-patiekalai-724g","status":"publish","type":"product","link":"https:\/\/kingarms.ee\/lt\/product\/mre-racionas-golf-3-patiekalai-724g\/","title":{"rendered":"MRE racionas GOLF 3 patiekalai 724g"},"content":{"rendered":"","protected":false},"excerpt":{"rendered":"<p>MRE racionas GOLF 3 patiekalai 724g<\/p>\n<p>&#8222;Tactical Foodpack&#8221; maisto daviniai &#8222;Golf&#8221;, &#8222;Hotel&#8221; ir &#8222;India&#8221; yra skirti pad\u0117ti jums patiems planuoti savo laik\u0105 ir maist\u0105. Didel\u0117s maistin\u0117s vert\u0117s pakuot\u0117se yra trys &#8222;Tactical Foodpack&#8221; patiekalai, \u012fvair\u016bs u\u017ekand\u017eiai ir liofilizuoti ledai desertui. Gaivinan\u010diam g\u0117rimui galite pasigaminti kavos arba kakavos. Prieduose yra \u0161auk\u0161telis, &#8222;Tactical&#8221; g\u0117rim\u0173 u\u017epildas ir &#8222;Tactical&#8221; du\u0161o ir dezinfekuojamosios rank\u0173 servet\u0117l\u0117s asmens higienai. Raciono pakuot\u0117 yra daugkartinio naudojimo.    <\/p>\n<p><strong>Neleiskite sau nusileisti \u012f raudon\u0105j\u0105 pus\u0119 &#8211; palaikykite auk\u0161t\u0105 energijos lyg\u012f!<\/strong><\/p>\n<p>Paket\u0105 sudaro:<\/p>\n<ul>\n<li>Avi\u017eini\u0173 dribsni\u0173 ko\u0161\u0117 su obuoliais &#8211; neto mas\u0117 90 g, vienos porcijos energin\u0117 vert\u0117 390 kcal<\/li>\n<li>Bulvi\u0173 ko\u0161\u0117 su \u0161onine &#8211; neto mas\u0117 110 g, vienos porcijos energin\u0117 vert\u0117 601 kcal<\/li>\n<li>Kalakutienos tartaras &#8211; neto mas\u0117 110 g, vienos porcijos energin\u0117 vert\u0117 531 kcal<\/li>\n<li>Duona &#8211; neto mas\u0117 100 g, vienos porcijos energin\u0117 vert\u0117 262 kcal<\/li>\n<li>&#8222;Core Shake Berry Blast&#8221; &#8211; grynoji mas\u0117 60 g, energin\u0117 vert\u0117 vienoje porcijoje 287 kcal<\/li>\n<li>Beef Jerky Original &#8211; grynoji mas\u0117 40 g, energin\u0117 vert\u0117 vienai porcijai 109,6 kcal<\/li>\n<li>Energinis baton\u0117lis Chocochino -net 120 g, vienos porcijos energin\u0117 vert\u0117 570 kcal<\/li>\n<li>Liofilizuot\u0173 led\u0173 su m\u0117tomis grynasis svoris 38 g, vienos porcijos energin\u0117 vert\u0117 165 kcal<\/li>\n<li>2x kava &#8211; grynasis svoris 4,8 g<\/li>\n<li>2 kartus cukrus &#8211; neto mas\u0117 12 g, vienos porcijos energin\u0117 vert\u0117 47,5 kcal.<\/li>\n<li>\u0160auk\u0161tas<\/li>\n<li>Yogi vir\u0161us<\/li>\n<li>Taktinis du\u0161as<\/li>\n<li>3x Dezinfekuojanti rank\u0173 valymo servet\u0117l\u0117<\/li>\n<\/ul>\n<p>3 patiekal\u0173 racionas Golfo energija: 3053 kcal<\/p>\n<p>Grynasis svoris: 724 g<\/p>\n<p><strong>Geriausia prie\u0161<\/strong>:<br clear=\"none\">8 metai pagrindiniams maisto produktams<br clear=\"none\">3 metai u\u017ekand\u017eiams<\/p>\n","protected":false},"featured_media":122695,"template":"","meta":{"_acf_changed":false},"product_brand":[],"product_cat":[1272],"product_tag":[],"class_list":{"0":"post-148465","1":"product","2":"type-product","3":"status-publish","4":"has-post-thumbnail","6":"product_cat-taktine-maisto-pakuote","8":"first","9":"instock","10":"taxable","11":"shipping-taxable","12":"purchasable","13":"product-type-simple"},"acf":[],"_links":{"self":[{"href":"https:\/\/kingarms.ee\/lt\/wp-json\/wp\/v2\/product\/148465","targetHints":{"allow":["GET"]}}],"collection":[{"href":"https:\/\/kingarms.ee\/lt\/wp-json\/wp\/v2\/product"}],"about":[{"href":"https:\/\/kingarms.ee\/lt\/wp-json\/wp\/v2\/types\/product"}],"wp:featuredmedia":[{"embeddable":true,"href":"https:\/\/kingarms.ee\/lt\/wp-json\/wp\/v2\/media\/122695"}],"wp:attachment":[{"href":"https:\/\/kingarms.ee\/lt\/wp-json\/wp\/v2\/media?parent=148465"}],"wp:term":[{"taxonomy":"product_brand","embeddable":true,"href":"https:\/\/kingarms.ee\/lt\/wp-json\/wp\/v2\/product_brand?post=148465"},{"taxonomy":"product_cat","embeddable":true,"href":"https:\/\/kingarms.ee\/lt\/wp-json\/wp\/v2\/product_cat?post=148465"},{"taxonomy":"product_tag","embeddable":true,"href":"https:\/\/kingarms.ee\/lt\/wp-json\/wp\/v2\/product_tag?post=148465"}],"curies":[{"name":"wp","href":"https:\/\/api.w.org\/{rel}","templated":true}]}}