{"id":148467,"date":"2022-06-27T11:24:27","date_gmt":"2025-05-04T08:51:03","guid":{"rendered":"https:\/\/kingarms.ee\/product\/mre-ration-echo-1-maisto-porcija-346g\/"},"modified":"2025-05-04T11:51:03","modified_gmt":"2025-05-04T08:51:03","slug":"mre-ration-echo-1-maisto-porcija-346g","status":"publish","type":"product","link":"https:\/\/kingarms.ee\/lt\/product\/mre-ration-echo-1-maisto-porcija-346g\/","title":{"rendered":"MRE Ration ECHO 1 maisto porcija 346g"},"content":{"rendered":"","protected":false},"excerpt":{"rendered":"<p>MRE Ration ECHO 1 maisto porcija 346g<\/p>\n<p>&#8220;Tactical Foodpack&#8221; maisto daviniai &#8220;Delta&#8221;, &#8220;Echo&#8221; ir &#8220;Foxtrot&#8221; skirti trumpesniems i\u0161\u0161\u016bkiams. \u012e racion\u0105 \u012feina vienas &#8220;Tactical Foodpack&#8221; maistas, \u012fvair\u016bs u\u017ekand\u017eiai ir energetinis g\u0117rimas. Priedai &#8211; \u0161auk\u0161tas, &#8220;Tactical&#8221; gertuv\u0117 ir dezinfekuojanti rank\u0173 servet\u0117l\u0117. Raciono pakuot\u0117 yra pakartotinai u\u017edaroma.   <\/p>\n<p><strong>B\u016bkite verti savo pareig\u0173!<\/strong><\/p>\n<p>Paket\u0105 sudaro:<\/p>\n<ul>\n<li>Bulvi\u0173 ko\u0161\u0117 su \u0161onine &#8211; neto mas\u0117 110 g, vienos porcijos energin\u0117 vert\u0117 601 kcal<\/li>\n<li>Duona &#8211; neto mas\u0117 100 g, vienos porcijos energin\u0117 vert\u0117 262 kcal<\/li>\n<li>&#8220;Core Shake Berry Blast&#8221; &#8211; grynoji mas\u0117 60 g, energin\u0117 vert\u0117 vienoje porcijoje 287 kcal<\/li>\n<li>Jautienos d\u017eerkai Beef Teriyaki &#8211; neto mas\u0117 40 g, vienos porcijos energin\u0117 vert\u0117 112,4 kcal<\/li>\n<li>Energinis citrin\u0173 skonio g\u0117rimas &#8211; grynoji mas\u0117 30 g, energin\u0117 vert\u0117 vienoje porcijoje 114 kcal<\/li>\n<li>\u0160auk\u0161tas<\/li>\n<li>Dezinfekuojanti rank\u0173 valymo servet\u0117l\u0117<\/li>\n<\/ul>\n<p>1 maisto davinys Delta energijos: 1376 kcal<\/p>\n<p>Grynasis svoris: 341 g<\/p>\n<p><strong>Geriausia prie\u0161<\/strong>:<br clear=\"none\">8 metai pagrindiniams maisto produktams<br clear=\"none\">2 metai u\u017ekand\u017eiams<\/p>\n","protected":false},"featured_media":122687,"template":"","meta":{"_acf_changed":false},"product_brand":[],"product_cat":[1272],"product_tag":[],"class_list":{"0":"post-148467","1":"product","2":"type-product","3":"status-publish","4":"has-post-thumbnail","6":"product_cat-taktine-maisto-pakuote","8":"first","9":"instock","10":"taxable","11":"shipping-taxable","12":"purchasable","13":"product-type-simple"},"acf":[],"_links":{"self":[{"href":"https:\/\/kingarms.ee\/lt\/wp-json\/wp\/v2\/product\/148467","targetHints":{"allow":["GET"]}}],"collection":[{"href":"https:\/\/kingarms.ee\/lt\/wp-json\/wp\/v2\/product"}],"about":[{"href":"https:\/\/kingarms.ee\/lt\/wp-json\/wp\/v2\/types\/product"}],"wp:featuredmedia":[{"embeddable":true,"href":"https:\/\/kingarms.ee\/lt\/wp-json\/wp\/v2\/media\/122687"}],"wp:attachment":[{"href":"https:\/\/kingarms.ee\/lt\/wp-json\/wp\/v2\/media?parent=148467"}],"wp:term":[{"taxonomy":"product_brand","embeddable":true,"href":"https:\/\/kingarms.ee\/lt\/wp-json\/wp\/v2\/product_brand?post=148467"},{"taxonomy":"product_cat","embeddable":true,"href":"https:\/\/kingarms.ee\/lt\/wp-json\/wp\/v2\/product_cat?post=148467"},{"taxonomy":"product_tag","embeddable":true,"href":"https:\/\/kingarms.ee\/lt\/wp-json\/wp\/v2\/product_tag?post=148467"}],"curies":[{"name":"wp","href":"https:\/\/api.w.org\/{rel}","templated":true}]}}