{"id":148469,"date":"2022-06-27T11:32:33","date_gmt":"2025-05-04T08:53:16","guid":{"rendered":"https:\/\/kingarms.ee\/product\/mre-ration-foxtrot-1-maisto-produktas-331g\/"},"modified":"2025-05-04T11:53:16","modified_gmt":"2025-05-04T08:53:16","slug":"mre-ration-foxtrot-1-maisto-produktas-331g","status":"publish","type":"product","link":"https:\/\/kingarms.ee\/lt\/product\/mre-ration-foxtrot-1-maisto-produktas-331g\/","title":{"rendered":"MRE RATION FOXTROT 1 maisto produktas 331g"},"content":{"rendered":"<p>MRE RATION FOXTROT 1 maisto produktas 331g<\/p>\n","protected":false},"excerpt":{"rendered":"<p>&#8222;Tactical Foodpack&#8221; maisto daviniai &#8222;Delta&#8221;, &#8222;Echo&#8221; ir &#8222;Foxtrot&#8221; skirti trumpesniems i\u0161\u0161\u016bkiams. \u012e racion\u0105 \u012feina vienas &#8222;Tactical Foodpack&#8221; maistas, \u012fvair\u016bs u\u017ekand\u017eiai ir energetinis g\u0117rimas. Priedai &#8211; \u0161auk\u0161tas, &#8222;Tactical&#8221; gertuv\u0117 ir dezinfekuojanti rank\u0173 servet\u0117l\u0117. Raciono pakuot\u0117 yra pakartotinai u\u017edaroma.   <\/p>\n<p><strong>B\u016bkite verti savo pareig\u0173!<\/strong><\/p>\n<p>Paket\u0105 sudaro:<\/p>\n<ul>\n<li>Jautienos ir bulvi\u0173 tro\u0161kinys &#8211; neto mas\u0117 100 g, vienos porcijos energin\u0117 vert\u0117 515 kcal<\/li>\n<li>Duona &#8211; neto mas\u0117 100 g, vienos porcijos energin\u0117 vert\u0117 262 kcal<\/li>\n<li>&#8222;Core Shake Tropical Mix&#8221; &#8211; grynoji mas\u0117 60 g, vienos porcijos energin\u0117 vert\u0117 306 kcal<\/li>\n<li>&#8222;Turkey Jerky Honey and Mustard&#8221; &#8211; grynoji mas\u0117 40 g, energin\u0117 vert\u0117 vienoje porcijoje 112 kcal<\/li>\n<li>Energinis g\u0117rimas su greipfrut\u0173 skoniu &#8211; grynoji mas\u0117 30 g, energin\u0117 vert\u0117 vienoje porcijoje 114 kcal<\/li>\n<li>\u0160auk\u0161tas<\/li>\n<li>Dezinfekuojanti rank\u0173 valymo servet\u0117l\u0117<\/li>\n<li>\n<\/li>\n<\/ul>\n<p>1 maisto davinio &#8222;Foxtrot&#8221; energin\u0117 vert\u0117: 1309 kcal<\/p>\n<p>Grynasis svoris: 331 g<\/p>\n<p><strong>Geriausia prie\u0161<\/strong>:<br clear=\"none\">8 metai pagrindiniams maisto produktams<br clear=\"none\">2 metai u\u017ekand\u017eiams<\/p>\n","protected":false},"featured_media":122692,"template":"","meta":{"_acf_changed":false},"product_brand":[],"product_cat":[1272],"product_tag":[],"class_list":{"0":"post-148469","1":"product","2":"type-product","3":"status-publish","4":"has-post-thumbnail","6":"product_cat-taktine-maisto-pakuote","8":"first","9":"instock","10":"taxable","11":"shipping-taxable","12":"purchasable","13":"product-type-simple"},"acf":[],"_links":{"self":[{"href":"https:\/\/kingarms.ee\/lt\/wp-json\/wp\/v2\/product\/148469","targetHints":{"allow":["GET"]}}],"collection":[{"href":"https:\/\/kingarms.ee\/lt\/wp-json\/wp\/v2\/product"}],"about":[{"href":"https:\/\/kingarms.ee\/lt\/wp-json\/wp\/v2\/types\/product"}],"wp:featuredmedia":[{"embeddable":true,"href":"https:\/\/kingarms.ee\/lt\/wp-json\/wp\/v2\/media\/122692"}],"wp:attachment":[{"href":"https:\/\/kingarms.ee\/lt\/wp-json\/wp\/v2\/media?parent=148469"}],"wp:term":[{"taxonomy":"product_brand","embeddable":true,"href":"https:\/\/kingarms.ee\/lt\/wp-json\/wp\/v2\/product_brand?post=148469"},{"taxonomy":"product_cat","embeddable":true,"href":"https:\/\/kingarms.ee\/lt\/wp-json\/wp\/v2\/product_cat?post=148469"},{"taxonomy":"product_tag","embeddable":true,"href":"https:\/\/kingarms.ee\/lt\/wp-json\/wp\/v2\/product_tag?post=148469"}],"curies":[{"name":"wp","href":"https:\/\/api.w.org\/{rel}","templated":true}]}}