{"id":148479,"date":"2022-06-13T14:18:14","date_gmt":"2025-05-04T09:05:32","guid":{"rendered":"https:\/\/kingarms.ee\/product\/15x-zf-41-optinis-taikiklis-kar98-replikoms-snow-wolf\/"},"modified":"2025-05-04T12:05:32","modified_gmt":"2025-05-04T09:05:32","slug":"15x-zf-41-optinis-taikiklis-kar98-replikoms-snow-wolf","status":"publish","type":"product","link":"https:\/\/kingarms.ee\/lt\/product\/15x-zf-41-optinis-taikiklis-kar98-replikoms-snow-wolf\/","title":{"rendered":"1,5X ZF-41 optinis taikiklis Kar98 replikoms Snow Wolf"},"content":{"rendered":"","protected":false},"excerpt":{"rendered":"<div id=\" component_projector_longdescription_not \" class=\"projector_longdescription cm\">\n<p>1,5X ZF-41 optinis taikiklis Kar98 replikoms Snow Wolf<\/p>\n<p>Optinis optinis taikiklis, skirtas istorinei Kar98 \u0161autuvo kopijai. Visas optinis taikiklis pagamintas i\u0161 metalo, i\u0161skyrus reguliavimo ranken\u0117li\u0173 dangtelius ir pritvirtint\u0105 vaizdo ie\u0161kikl\u012f.<\/p>\n<p>Teleskopas turi tam skirt\u0105 s\u0105rank\u0105 ir stiklo dangteli\u0173 rinkin\u012f.<\/p>\n<\/div>\n<div id=\"component_projector_dictionary_no\" class=\"dictionary_small\">\n<div class=\"n56173_main\">\n<div class=\"n56173_sub\">\n<table class=\"n54117_dictionary\">\n<tbody>\n<tr class=\"element\">\n<td class=\"n54117_item_a1\">Didinimo diapazonas<\/td>\n<td class=\"n54117_item_b1\">\n<div class=\"n54117_item_b_sub\">1,5<\/div>\n<\/td>\n<\/tr>\n<tr class=\"element\">\n<td class=\"n54117_item_a2\">Objektyvo skersmuo [mm]<\/td>\n<td class=\"n54117_item_b2\">\n<div class=\"n54117_item_b_sub\">25<\/div>\n<\/td>\n<\/tr>\n<tr class=\"element\">\n<td class=\"n54117_item_a1\">Montavimo tipas<\/td>\n<td class=\"n54117_item_b1\">\n<div class=\"n54117_item_b_sub\">Kar98<\/div>\n<\/td>\n<\/tr>\n<tr class=\"element\">\n<td class=\"n54117_item_a2\">Kry\u017eminio skydelio ap\u0161vietimas [eng]<\/td>\n<td class=\"n54117_item_b2\">\n<div class=\"n54117_item_b_sub\">stabd\u017eiai<\/div>\n<\/td>\n<\/tr>\n<tr class=\"element\">\n<td class=\"n54117_item_a1\">Reglamentas<\/td>\n<td class=\"n54117_item_b1\">\n<div class=\"n54117_item_b_sub\">horizontalus, vertikalus<\/div>\n<\/td>\n<\/tr>\n<\/tbody>\n<\/table>\n<\/div>\n<\/div>\n<\/div>\n","protected":false},"featured_media":122585,"template":"","meta":{"_acf_changed":false},"product_brand":[],"product_cat":[1205],"product_tag":[],"class_list":{"0":"post-148479","1":"product","2":"type-product","3":"status-publish","4":"has-post-thumbnail","6":"product_cat-vaizdai-lt","8":"first","9":"onbackorder","10":"taxable","11":"shipping-taxable","12":"product-type-simple"},"acf":[],"_links":{"self":[{"href":"https:\/\/kingarms.ee\/lt\/wp-json\/wp\/v2\/product\/148479","targetHints":{"allow":["GET"]}}],"collection":[{"href":"https:\/\/kingarms.ee\/lt\/wp-json\/wp\/v2\/product"}],"about":[{"href":"https:\/\/kingarms.ee\/lt\/wp-json\/wp\/v2\/types\/product"}],"wp:featuredmedia":[{"embeddable":true,"href":"https:\/\/kingarms.ee\/lt\/wp-json\/wp\/v2\/media\/122585"}],"wp:attachment":[{"href":"https:\/\/kingarms.ee\/lt\/wp-json\/wp\/v2\/media?parent=148479"}],"wp:term":[{"taxonomy":"product_brand","embeddable":true,"href":"https:\/\/kingarms.ee\/lt\/wp-json\/wp\/v2\/product_brand?post=148479"},{"taxonomy":"product_cat","embeddable":true,"href":"https:\/\/kingarms.ee\/lt\/wp-json\/wp\/v2\/product_cat?post=148479"},{"taxonomy":"product_tag","embeddable":true,"href":"https:\/\/kingarms.ee\/lt\/wp-json\/wp\/v2\/product_tag?post=148479"}],"curies":[{"name":"wp","href":"https:\/\/api.w.org\/{rel}","templated":true}]}}