{"id":148481,"date":"2022-06-13T14:11:51","date_gmt":"2025-05-04T09:08:27","guid":{"rendered":"https:\/\/kingarms.ee\/product\/ciras-maritime-vest-woodland-gfc\/"},"modified":"2025-05-04T12:08:27","modified_gmt":"2025-05-04T09:08:27","slug":"ciras-maritime-vest-woodland-gfc","status":"publish","type":"product","link":"https:\/\/kingarms.ee\/lt\/product\/ciras-maritime-vest-woodland-gfc\/","title":{"rendered":"\u201eCiras Maritime Vest Woodland GFC\u201c"},"content":{"rendered":"","protected":false},"excerpt":{"rendered":"<p>\u201eCiras Maritime Vest Woodland GFC\u201c<\/p>\n<p>J\u016brin\u0117s versijos CIRAS (Combat Integrated Releasable Armor System) liemen\u0117s kopija. Liemen\u0117 yra visi\u0161kai modulin\u0117, tod\u0117l pagal naudotojo poreikius galima konfig\u016bruoti elementus, pavyzd\u017eiui, d\u0117klus, papildomas ki\u0161enes ar d\u0117klus.<\/p>\n<p>Kartu su liemene gauname:<\/p>\n<p>&#8211; 1 triguba d\u0117tuv\u0117 M4\/M16 (telpa 6 \u0161oviniai)<br \/>\n&#8211; 1 dvigubas d\u0117klas M4\/M16 (telpa 4 \u0161oviniai)<br \/>\n&#8211; 1 radijo ki\u0161en\u0117<br \/>\n&#8211; 1 medicininis krep\u0161ys<br \/>\n&#8211; administravimo skydelis<br \/>\n&#8211; 2 pistoleto d\u0117klai<\/p>\n<p>Liemen\u0117s konstrukcijoje galima \u012ftaisyti balistines liemenes. D\u0117l plienini\u0173 lyn\u0173 sistemos, vadinamosios &#8222;Quick Release&#8221;, yra galimyb\u0117 greitai atsipalaiduoti nuo liemen\u0117s.<\/p>\n<p>I\u0161versta su www.DeepL.com\/Translator (nemokama versija)<\/p>\n","protected":false},"featured_media":122571,"template":"","meta":{"_acf_changed":false},"product_brand":[],"product_cat":[1235],"product_tag":[],"class_list":{"0":"post-148481","1":"product","2":"type-product","3":"status-publish","4":"has-post-thumbnail","6":"product_cat-liemeneles-ir-dirzai","8":"first","9":"instock","10":"taxable","11":"shipping-taxable","12":"purchasable","13":"product-type-simple"},"acf":[],"_links":{"self":[{"href":"https:\/\/kingarms.ee\/lt\/wp-json\/wp\/v2\/product\/148481","targetHints":{"allow":["GET"]}}],"collection":[{"href":"https:\/\/kingarms.ee\/lt\/wp-json\/wp\/v2\/product"}],"about":[{"href":"https:\/\/kingarms.ee\/lt\/wp-json\/wp\/v2\/types\/product"}],"wp:featuredmedia":[{"embeddable":true,"href":"https:\/\/kingarms.ee\/lt\/wp-json\/wp\/v2\/media\/122571"}],"wp:attachment":[{"href":"https:\/\/kingarms.ee\/lt\/wp-json\/wp\/v2\/media?parent=148481"}],"wp:term":[{"taxonomy":"product_brand","embeddable":true,"href":"https:\/\/kingarms.ee\/lt\/wp-json\/wp\/v2\/product_brand?post=148481"},{"taxonomy":"product_cat","embeddable":true,"href":"https:\/\/kingarms.ee\/lt\/wp-json\/wp\/v2\/product_cat?post=148481"},{"taxonomy":"product_tag","embeddable":true,"href":"https:\/\/kingarms.ee\/lt\/wp-json\/wp\/v2\/product_tag?post=148481"}],"curies":[{"name":"wp","href":"https:\/\/api.w.org\/{rel}","templated":true}]}}