{"id":148483,"date":"2022-06-13T13:54:57","date_gmt":"2025-05-04T09:10:31","guid":{"rendered":"https:\/\/kingarms.ee\/product\/hs503cu-saules-raudonasis-apskritimas-dot-holosun\/"},"modified":"2025-05-04T12:10:31","modified_gmt":"2025-05-04T09:10:31","slug":"hs503cu-saules-raudonasis-apskritimas-dot-holosun","status":"publish","type":"product","link":"https:\/\/kingarms.ee\/lt\/product\/hs503cu-saules-raudonasis-apskritimas-dot-holosun\/","title":{"rendered":"HS503CU Saul\u0117s raudonasis apskritimas Dot Holosun"},"content":{"rendered":"","protected":false},"excerpt":{"rendered":"<p>HS503CU Saul\u0117s raudonasis apskritimas Dot Holosun<\/p>\n<p>HS503CU yra 20 mm mikrooptinis taikiklis, skirtas \u0161autuvams ir karabinams. Funkcijos: &#8220;Solar Failsafe&#8221;, &#8220;Shake Awake&#8221;, 12 ry\u0161kumo nustatym\u0173, &#8220;Holosun&#8221; &#8220;Super LED&#8221;, kurio baterija veikia iki 50 t\u016bkst. valand\u0173, ir &#8220;Multi-Reticle&#8221; sistema.<\/p>\n<ul>\n<li>MRS: 2 Moa Dot; 2 moa dot &amp; 65 moa ratas<\/li>\n<li>Iki 50 000 valand\u0173 baterijos veikimo laikas (6 nustatymas)<\/li>\n<li>Iki 50 000 valand\u0173 akumuliatoriaus veikimo laikas (nustatymas 6)<\/li>\n<li>Convenient Tray Battery Compartment<\/li>\n<li>Parallax-free &amp; Unlimited Eye Relief<\/li>\n<\/ul>\n","protected":false},"featured_media":122543,"template":"","meta":{"_acf_changed":false},"product_brand":[],"product_cat":[1167],"product_tag":[],"class_list":{"0":"post-148483","1":"product","2":"type-product","3":"status-publish","4":"has-post-thumbnail","6":"product_cat-raudoni-taskiniai-taikiniai","8":"first","9":"onbackorder","10":"taxable","11":"shipping-taxable","12":"product-type-simple"},"acf":[],"_links":{"self":[{"href":"https:\/\/kingarms.ee\/lt\/wp-json\/wp\/v2\/product\/148483","targetHints":{"allow":["GET"]}}],"collection":[{"href":"https:\/\/kingarms.ee\/lt\/wp-json\/wp\/v2\/product"}],"about":[{"href":"https:\/\/kingarms.ee\/lt\/wp-json\/wp\/v2\/types\/product"}],"wp:featuredmedia":[{"embeddable":true,"href":"https:\/\/kingarms.ee\/lt\/wp-json\/wp\/v2\/media\/122543"}],"wp:attachment":[{"href":"https:\/\/kingarms.ee\/lt\/wp-json\/wp\/v2\/media?parent=148483"}],"wp:term":[{"taxonomy":"product_brand","embeddable":true,"href":"https:\/\/kingarms.ee\/lt\/wp-json\/wp\/v2\/product_brand?post=148483"},{"taxonomy":"product_cat","embeddable":true,"href":"https:\/\/kingarms.ee\/lt\/wp-json\/wp\/v2\/product_cat?post=148483"},{"taxonomy":"product_tag","embeddable":true,"href":"https:\/\/kingarms.ee\/lt\/wp-json\/wp\/v2\/product_tag?post=148483"}],"curies":[{"name":"wp","href":"https:\/\/api.w.org\/{rel}","templated":true}]}}