{"id":148485,"date":"2022-06-13T13:51:35","date_gmt":"2025-05-04T09:12:53","guid":{"rendered":"https:\/\/kingarms.ee\/product\/he512t-rd-elite-solar-red-circle-dot-holosun\/"},"modified":"2025-05-04T12:12:53","modified_gmt":"2025-05-04T09:12:53","slug":"he512t-rd-elite-solar-red-circle-dot-holosun","status":"publish","type":"product","link":"https:\/\/kingarms.ee\/lt\/product\/he512t-rd-elite-solar-red-circle-dot-holosun\/","title":{"rendered":"HE512T-RD Elite Solar Red Circle Dot Holosun"},"content":{"rendered":"","protected":false},"excerpt":{"rendered":"<p>HE512T-RD Elite Solar Red Circle Dot Holosun<\/p>\n<p>HE512T-RD yra u\u017edaras optinis taikiklis, skirtas \u0161autuvams ir karabinams. Funkcijos: titano korpusas, &#8220;Holosun&#8221; &#8220;Super LED&#8221; su iki 50 t\u016bkst. valand\u0173 veikian\u010dia baterija, keli\u0173 daleli\u0173 sistema, &#8220;Solar Failsafe&#8221; ir &#8220;Shake Awake&#8221;.<\/p>\n<ul>\n<li>MRS: Apskritimo ta\u0161kas; 2 MOA ta\u0161kas; 65 MOA apskritimas<\/li>\n<li>Iki 50 000 valand\u0173 baterijos veikimo laikas (6 nustatymas)<\/li>\n<li>Iki 50 000 valand\u0173 akumuliatoriaus veikimo laikas (nustatymas 6)<\/li>\n<li>Convenient Tray Battery Compartment<\/li>\n<li>Visi\u0161kai u\u017edaras dizainas ir titano korpusas<\/li>\n<li>Parallax-free &amp; Unlimited Eye Relief<\/li>\n<\/ul>\n","protected":false},"featured_media":122524,"template":"","meta":{"_acf_changed":false},"product_brand":[],"product_cat":[1167],"product_tag":[],"class_list":{"0":"post-148485","1":"product","2":"type-product","3":"status-publish","4":"has-post-thumbnail","6":"product_cat-raudoni-taskiniai-taikiniai","8":"first","9":"onbackorder","10":"taxable","11":"shipping-taxable","12":"product-type-simple"},"acf":[],"_links":{"self":[{"href":"https:\/\/kingarms.ee\/lt\/wp-json\/wp\/v2\/product\/148485","targetHints":{"allow":["GET"]}}],"collection":[{"href":"https:\/\/kingarms.ee\/lt\/wp-json\/wp\/v2\/product"}],"about":[{"href":"https:\/\/kingarms.ee\/lt\/wp-json\/wp\/v2\/types\/product"}],"wp:featuredmedia":[{"embeddable":true,"href":"https:\/\/kingarms.ee\/lt\/wp-json\/wp\/v2\/media\/122524"}],"wp:attachment":[{"href":"https:\/\/kingarms.ee\/lt\/wp-json\/wp\/v2\/media?parent=148485"}],"wp:term":[{"taxonomy":"product_brand","embeddable":true,"href":"https:\/\/kingarms.ee\/lt\/wp-json\/wp\/v2\/product_brand?post=148485"},{"taxonomy":"product_cat","embeddable":true,"href":"https:\/\/kingarms.ee\/lt\/wp-json\/wp\/v2\/product_cat?post=148485"},{"taxonomy":"product_tag","embeddable":true,"href":"https:\/\/kingarms.ee\/lt\/wp-json\/wp\/v2\/product_tag?post=148485"}],"curies":[{"name":"wp","href":"https:\/\/api.w.org\/{rel}","templated":true}]}}