{"id":148489,"date":"2022-06-13T13:32:36","date_gmt":"2025-05-04T09:17:40","guid":{"rendered":"https:\/\/kingarms.ee\/product\/hm3xt-elito-didintuvas-holosun\/"},"modified":"2025-05-04T12:17:40","modified_gmt":"2025-05-04T09:17:40","slug":"hm3xt-elito-didintuvas-holosun","status":"publish","type":"product","link":"https:\/\/kingarms.ee\/lt\/product\/hm3xt-elito-didintuvas-holosun\/","title":{"rendered":"\u201eHM3XT\u201c elito didintuvas Holosun"},"content":{"rendered":"","protected":false},"excerpt":{"rendered":"<p>\u201eHM3XT\u201c elito didintuvas Holosun<\/p>\n<p>HM3XT yra 3X didintuvas su titano korpusu, turintis greito atlaisvinimo, apver\u010diam\u0105 \u0161onin\u012f tvirtinim\u0105 su absoliu\u010diu ir apatiniu 1\/3 &#8222;Co-witness&#8221; tvirtinimo sprendimais. Papildomos funkcijos: 2,75&#8243; aki\u0173 atokv\u0117pis, IP67 sertifikuotas atsparumas vandeniui, krypties ir auk\u0161\u010dio reguliavimas, kad b\u016bt\u0173 galima tiksliai nustatyti nul\u012f.<\/p>\n<ul>\n<li>\u201eFlip-to-the-to-the\u201c dizainas<\/li>\n<li>I\u0161skirtin\u0117 specifikacija ir ai\u0161kumas<\/li>\n<li>I\u0161skirtin\u0117 specifikacija ir ai\u0161kumas<\/li>\n<li>Complete Titanium Housing<\/li>\n<li>QD Mount &amp; Spacer included<\/li>\n<li>IP67 Waterproof<\/li>\n<\/ul>\n","protected":false},"featured_media":122483,"template":"","meta":{"_acf_changed":false},"product_brand":[],"product_cat":[1166],"product_tag":[],"class_list":{"0":"post-148489","1":"product","2":"type-product","3":"status-publish","4":"has-post-thumbnail","6":"product_cat-padidinti","8":"first","9":"onbackorder","10":"taxable","11":"shipping-taxable","12":"product-type-simple"},"acf":[],"_links":{"self":[{"href":"https:\/\/kingarms.ee\/lt\/wp-json\/wp\/v2\/product\/148489","targetHints":{"allow":["GET"]}}],"collection":[{"href":"https:\/\/kingarms.ee\/lt\/wp-json\/wp\/v2\/product"}],"about":[{"href":"https:\/\/kingarms.ee\/lt\/wp-json\/wp\/v2\/types\/product"}],"wp:featuredmedia":[{"embeddable":true,"href":"https:\/\/kingarms.ee\/lt\/wp-json\/wp\/v2\/media\/122483"}],"wp:attachment":[{"href":"https:\/\/kingarms.ee\/lt\/wp-json\/wp\/v2\/media?parent=148489"}],"wp:term":[{"taxonomy":"product_brand","embeddable":true,"href":"https:\/\/kingarms.ee\/lt\/wp-json\/wp\/v2\/product_brand?post=148489"},{"taxonomy":"product_cat","embeddable":true,"href":"https:\/\/kingarms.ee\/lt\/wp-json\/wp\/v2\/product_cat?post=148489"},{"taxonomy":"product_tag","embeddable":true,"href":"https:\/\/kingarms.ee\/lt\/wp-json\/wp\/v2\/product_tag?post=148489"}],"curies":[{"name":"wp","href":"https:\/\/api.w.org\/{rel}","templated":true}]}}