{"id":148491,"date":"2022-06-13T13:25:53","date_gmt":"2025-05-04T09:19:48","guid":{"rendered":"https:\/\/kingarms.ee\/product\/he510c-gr-elite-zaliasis-taskas-holosun\/"},"modified":"2025-05-04T12:19:48","modified_gmt":"2025-05-04T09:19:48","slug":"he510c-gr-elite-zaliasis-taskas-holosun","status":"publish","type":"product","link":"https:\/\/kingarms.ee\/lt\/product\/he510c-gr-elite-zaliasis-taskas-holosun\/","title":{"rendered":"HE510C-GR Elite \u017ealiasis ta\u0161kas Holosun"},"content":{"rendered":"","protected":false},"excerpt":{"rendered":"<p>HE510C-GR Elite \u017ealiasis ta\u0161kas Holosun<\/p>\n<p>HE510C-GR yra atviras optinis taikiklis, skirtas \u0161autuvams ir karabinams. Funkcijos: &#8220;Holosun&#8221; \u017ealiasis &#8220;Super LED&#8221;, kurio baterija veikia iki 50 t\u016bkst. valand\u0173, keli\u0173 daleli\u0173 sistema, &#8220;Solar Failsafe&#8221; ir &#8220;Shake Awake&#8221;.<\/p>\n<ul>\n<li>\u017dalia MRS: Apskritimo ta\u0161kas; 2 MOA ta\u0161kas; 65 MOA apskritimas<\/li>\n<li>Iki 50 000 valand\u0173 baterijos veikimo laikas (6 nustatymas)<\/li>\n<li>Iki 50 000 valand\u0173 akumuliatoriaus veikimo laikas (nustatymas 6)<\/li>\n<li>Convenient Tray Battery Compartment<\/li>\n<li>Parallax-free &amp; Unlimited Eye Relief<\/li>\n<\/ul>\n","protected":false},"featured_media":122451,"template":"","meta":{"_acf_changed":false},"product_brand":[],"product_cat":[1167],"product_tag":[],"class_list":{"0":"post-148491","1":"product","2":"type-product","3":"status-publish","4":"has-post-thumbnail","6":"product_cat-raudoni-taskiniai-taikiniai","8":"first","9":"onbackorder","10":"taxable","11":"shipping-taxable","12":"product-type-simple"},"acf":[],"_links":{"self":[{"href":"https:\/\/kingarms.ee\/lt\/wp-json\/wp\/v2\/product\/148491","targetHints":{"allow":["GET"]}}],"collection":[{"href":"https:\/\/kingarms.ee\/lt\/wp-json\/wp\/v2\/product"}],"about":[{"href":"https:\/\/kingarms.ee\/lt\/wp-json\/wp\/v2\/types\/product"}],"wp:featuredmedia":[{"embeddable":true,"href":"https:\/\/kingarms.ee\/lt\/wp-json\/wp\/v2\/media\/122451"}],"wp:attachment":[{"href":"https:\/\/kingarms.ee\/lt\/wp-json\/wp\/v2\/media?parent=148491"}],"wp:term":[{"taxonomy":"product_brand","embeddable":true,"href":"https:\/\/kingarms.ee\/lt\/wp-json\/wp\/v2\/product_brand?post=148491"},{"taxonomy":"product_cat","embeddable":true,"href":"https:\/\/kingarms.ee\/lt\/wp-json\/wp\/v2\/product_cat?post=148491"},{"taxonomy":"product_tag","embeddable":true,"href":"https:\/\/kingarms.ee\/lt\/wp-json\/wp\/v2\/product_tag?post=148491"}],"curies":[{"name":"wp","href":"https:\/\/api.w.org\/{rel}","templated":true}]}}