{"id":148493,"date":"2022-06-13T13:30:58","date_gmt":"2025-05-04T09:22:00","guid":{"rendered":"https:\/\/kingarms.ee\/product\/he508t-rd-x2-elite-solar-red-circle-dot-holosun\/"},"modified":"2025-05-04T12:22:00","modified_gmt":"2025-05-04T09:22:00","slug":"he508t-rd-x2-elite-solar-red-circle-dot-holosun","status":"publish","type":"product","link":"https:\/\/kingarms.ee\/lt\/product\/he508t-rd-x2-elite-solar-red-circle-dot-holosun\/","title":{"rendered":"HE508T-RD X2 Elite Solar Red Circle Dot Holosun"},"content":{"rendered":"","protected":false},"excerpt":{"rendered":"<p>HE508T-RD X2 Elite Solar Red Circle Dot Holosun<\/p>\n<p>HE508T-RD X2 &#8211; tai titaninis, atviras refleksinis optinis taikiklis, skirtas pistoletams. X2 serijos pistolet\u0173 optika turi du patobulinimus. Pirma, 2018-2019 m. LE pistolet\u0173 optikos modeliuose atsirado u\u017erakto re\u017eimas. \u012ejungus u\u017erakinimo re\u017eim\u0105, mygtukai u\u017erakinami, kad nety\u010dia neb\u016bt\u0173 pakeisti nustatymai. Antra, mygtukai buvo pertvarkyti taip, kad papildyt\u0173 u\u017erakinimo re\u017eim\u0105, nes jie yra \u017eemiau ir netrukdo. Papildomos funkcijos: titainio korpusas, &#8220;Holosun&#8221; &#8220;Super LED&#8221; su iki 50 t\u016bkst. valand\u0173 veikian\u010dia baterija, &#8220;Solar Failsafe&#8221;, keli\u0173 daleli\u0173 sistema ir &#8220;Shake Awake&#8221;.<\/p>\n<ul>\n<li>MRS: Apskritimo ta\u0161kas; 2 MOA ta\u0161kas; 32 MOA apskritimas<\/li>\n<li>Iki 50 000 valand\u0173 baterijos veikimo laikas (6 nustatymas)<\/li>\n<li>Iki 50 000 valand\u0173 akumuliatoriaus veikimo laikas (nustatymas 6)<\/li>\n<li>Complete Titanium Housing<\/li>\n<li>Convenient Tray Battery Compartment<\/li>\n<li>Parallax-free &amp; Unlimited Eye Relief<\/li>\n<\/ul>\n","protected":false},"featured_media":122455,"template":"","meta":{"_acf_changed":false},"product_brand":[],"product_cat":[1167],"product_tag":[],"class_list":{"0":"post-148493","1":"product","2":"type-product","3":"status-publish","4":"has-post-thumbnail","6":"product_cat-raudoni-taskiniai-taikiniai","8":"first","9":"onbackorder","10":"taxable","11":"shipping-taxable","12":"product-type-simple"},"acf":[],"_links":{"self":[{"href":"https:\/\/kingarms.ee\/lt\/wp-json\/wp\/v2\/product\/148493","targetHints":{"allow":["GET"]}}],"collection":[{"href":"https:\/\/kingarms.ee\/lt\/wp-json\/wp\/v2\/product"}],"about":[{"href":"https:\/\/kingarms.ee\/lt\/wp-json\/wp\/v2\/types\/product"}],"wp:featuredmedia":[{"embeddable":true,"href":"https:\/\/kingarms.ee\/lt\/wp-json\/wp\/v2\/media\/122455"}],"wp:attachment":[{"href":"https:\/\/kingarms.ee\/lt\/wp-json\/wp\/v2\/media?parent=148493"}],"wp:term":[{"taxonomy":"product_brand","embeddable":true,"href":"https:\/\/kingarms.ee\/lt\/wp-json\/wp\/v2\/product_brand?post=148493"},{"taxonomy":"product_cat","embeddable":true,"href":"https:\/\/kingarms.ee\/lt\/wp-json\/wp\/v2\/product_cat?post=148493"},{"taxonomy":"product_tag","embeddable":true,"href":"https:\/\/kingarms.ee\/lt\/wp-json\/wp\/v2\/product_tag?post=148493"}],"curies":[{"name":"wp","href":"https:\/\/api.w.org\/{rel}","templated":true}]}}