{"id":148497,"date":"2022-06-13T12:52:41","date_gmt":"2025-05-04T09:26:18","guid":{"rendered":"https:\/\/kingarms.ee\/product\/he530c-gr-saules-zalias-apskritimo-taskas-holosun\/"},"modified":"2025-05-04T12:26:18","modified_gmt":"2025-05-04T09:26:18","slug":"he530c-gr-saules-zalias-apskritimo-taskas-holosun","status":"publish","type":"product","link":"https:\/\/kingarms.ee\/lt\/product\/he530c-gr-saules-zalias-apskritimo-taskas-holosun\/","title":{"rendered":"HE530C-GR Saul\u0117s \u017ealias apskritimo ta\u0161kas Holosun"},"content":{"rendered":"","protected":false},"excerpt":{"rendered":"<p>HE530C-GR Saul\u0117s \u017ealias apskritimo ta\u0161kas Holosun<\/p>\n<p>HE530C-GR yra 30 mm optinis taikiklis, skirtas \u0161autuvams ir karabinams. Funkcijos: titaninis korpusas, &#8220;Solar Failsafe&#8221;, &#8220;Shake Awake&#8221;, 12 ry\u0161kumo nustatym\u0173, &#8220;Holosun&#8221; &#8220;Super LED&#8221;, kurio baterija veikia iki 50 000 valand\u0173, &#8220;Multi-Reticle&#8221; sistema, &#8220;Absolute Co-witness QD&#8221; laikiklis, &#8220;Kill flash&#8221; blykst\u0117 ir skaidr\u016bs objektyvo dangteliai.<\/p>\n<ul>\n<li>MRS: 2 Moa Dot; 2 moa dot &amp; 65 moa ratas<\/li>\n<li>Iki 50 000 valand\u0173 baterijos veikimo laikas (6 nustatymas)<\/li>\n<li>Iki 50 000 valand\u0173 akumuliatoriaus veikimo laikas (nustatymas 6)<\/li>\n<li>Akumuliatoriaus skyrius ir titano korpusas<\/li>\n<li>Parallax-free &amp; Unlimited Eye Relief<\/li>\n<li>Greito atlaisvinimo absoliutaus bendro matomumo laikiklis<\/li>\n<\/ul>\n","protected":false},"featured_media":122393,"template":"","meta":{"_acf_changed":false},"product_brand":[],"product_cat":[1167],"product_tag":[],"class_list":{"0":"post-148497","1":"product","2":"type-product","3":"status-publish","4":"has-post-thumbnail","6":"product_cat-raudoni-taskiniai-taikiniai","8":"first","9":"onbackorder","10":"taxable","11":"shipping-taxable","12":"product-type-simple"},"acf":[],"_links":{"self":[{"href":"https:\/\/kingarms.ee\/lt\/wp-json\/wp\/v2\/product\/148497","targetHints":{"allow":["GET"]}}],"collection":[{"href":"https:\/\/kingarms.ee\/lt\/wp-json\/wp\/v2\/product"}],"about":[{"href":"https:\/\/kingarms.ee\/lt\/wp-json\/wp\/v2\/types\/product"}],"wp:featuredmedia":[{"embeddable":true,"href":"https:\/\/kingarms.ee\/lt\/wp-json\/wp\/v2\/media\/122393"}],"wp:attachment":[{"href":"https:\/\/kingarms.ee\/lt\/wp-json\/wp\/v2\/media?parent=148497"}],"wp:term":[{"taxonomy":"product_brand","embeddable":true,"href":"https:\/\/kingarms.ee\/lt\/wp-json\/wp\/v2\/product_brand?post=148497"},{"taxonomy":"product_cat","embeddable":true,"href":"https:\/\/kingarms.ee\/lt\/wp-json\/wp\/v2\/product_cat?post=148497"},{"taxonomy":"product_tag","embeddable":true,"href":"https:\/\/kingarms.ee\/lt\/wp-json\/wp\/v2\/product_tag?post=148497"}],"curies":[{"name":"wp","href":"https:\/\/api.w.org\/{rel}","templated":true}]}}