{"id":148499,"date":"2022-06-13T12:46:38","date_gmt":"2025-05-04T09:28:48","guid":{"rendered":"https:\/\/kingarms.ee\/product\/hs403r-raudonasis-taikiklis-holosun\/"},"modified":"2025-05-04T12:28:48","modified_gmt":"2025-05-04T09:28:48","slug":"hs403r-raudonasis-taikiklis-holosun","status":"publish","type":"product","link":"https:\/\/kingarms.ee\/lt\/product\/hs403r-raudonasis-taikiklis-holosun\/","title":{"rendered":"HS403R Raudonasis taikiklis Holosun"},"content":{"rendered":"","protected":false},"excerpt":{"rendered":"<p>HS403R Raudonasis taikiklis Holosun<\/p>\n<p>HS403R yra 20 mm mikrooptinis taikiklis, skirtas \u0161autuvams ir karabinams. Funkcijos: naujas sukamasis jungiklis, 12 ry\u0161kumo nustatym\u0173, &#8220;Holosun&#8221; &#8220;Super LED&#8221;, kurio baterija veikia iki 50 t\u016bkst. valand\u0173, ir 2 MOA ta\u0161kas.<\/p>\n<ul>\n<li>2 MOA ta\u0161k\u0173 taikiklis<\/li>\n<li>Iki 100 000 valand\u0173 baterijos veikimo laikas (6 nustatymas)<\/li>\n<li>Iki 50 000 valand\u0173 akumuliatoriaus veikimo laikas (nustatymas 6)<\/li>\n<li>Pasukamas akumuliatoriaus skyrius<\/li>\n<li>Parallax-free &amp; Unlimited Eye Relief<\/li>\n<\/ul>\n","protected":false},"featured_media":122384,"template":"","meta":{"_acf_changed":false},"product_brand":[],"product_cat":[1167],"product_tag":[],"class_list":{"0":"post-148499","1":"product","2":"type-product","3":"status-publish","4":"has-post-thumbnail","6":"product_cat-raudoni-taskiniai-taikiniai","8":"first","9":"onbackorder","10":"taxable","11":"shipping-taxable","12":"product-type-simple"},"acf":[],"_links":{"self":[{"href":"https:\/\/kingarms.ee\/lt\/wp-json\/wp\/v2\/product\/148499","targetHints":{"allow":["GET"]}}],"collection":[{"href":"https:\/\/kingarms.ee\/lt\/wp-json\/wp\/v2\/product"}],"about":[{"href":"https:\/\/kingarms.ee\/lt\/wp-json\/wp\/v2\/types\/product"}],"wp:featuredmedia":[{"embeddable":true,"href":"https:\/\/kingarms.ee\/lt\/wp-json\/wp\/v2\/media\/122384"}],"wp:attachment":[{"href":"https:\/\/kingarms.ee\/lt\/wp-json\/wp\/v2\/media?parent=148499"}],"wp:term":[{"taxonomy":"product_brand","embeddable":true,"href":"https:\/\/kingarms.ee\/lt\/wp-json\/wp\/v2\/product_brand?post=148499"},{"taxonomy":"product_cat","embeddable":true,"href":"https:\/\/kingarms.ee\/lt\/wp-json\/wp\/v2\/product_cat?post=148499"},{"taxonomy":"product_tag","embeddable":true,"href":"https:\/\/kingarms.ee\/lt\/wp-json\/wp\/v2\/product_tag?post=148499"}],"curies":[{"name":"wp","href":"https:\/\/api.w.org\/{rel}","templated":true}]}}