{"id":148503,"date":"2022-06-13T12:14:21","date_gmt":"2025-05-04T09:33:08","guid":{"rendered":"https:\/\/kingarms.ee\/product\/he509t-rd-elite-solar-raudonojo-tasko-taikiklis-holosun\/"},"modified":"2025-05-04T12:33:08","modified_gmt":"2025-05-04T09:33:08","slug":"he509t-rd-elite-solar-raudonojo-tasko-taikiklis-holosun","status":"publish","type":"product","link":"https:\/\/kingarms.ee\/lt\/product\/he509t-rd-elite-solar-raudonojo-tasko-taikiklis-holosun\/","title":{"rendered":"HE509T-RD &#8220;Elite Solar&#8221; raudonojo ta\u0161ko taikiklis &#8220;Holosun"},"content":{"rendered":"","protected":false},"excerpt":{"rendered":"<p>HE509T-RD &#8220;Elite Solar&#8221; raudonojo ta\u0161ko taikiklis &#8220;Holosun<\/p>\n<p>HE509T-RD X2 yra u\u017edaras optinis taikiklis, skirtas pistoletams. Funkcijos: titano korpusas, &#8220;Holosun&#8221; &#8220;Super LED&#8221; su iki 50 t\u016bkst. valand\u0173 veikian\u010dia baterija, keli\u0173 daleli\u0173 sistema, &#8220;Solar Failsafe&#8221; ir &#8220;Shake Awake&#8221;. \u0160ioje X2 versijoje patobulintas stiklo skaidrumas, \u012fdiegtas u\u017erakto re\u017eimas ir pilna daugiadimens\u0117 sistema, suteikianti 32MOA apskritimo ir 2MOA ta\u0161ko, tik ta\u0161ko arba tik apskritimo tinklelio parinktis.<\/p>\n<p>Pridedama 509T RMR adapterio plok\u0161tel\u0117 nesuderinama su ZEV arba &#8220;Shadow Systems&#8221; RMR s\u0105sajomis.<\/p>\n","protected":false},"featured_media":122314,"template":"","meta":{"_acf_changed":false},"product_brand":[],"product_cat":[1167],"product_tag":[],"class_list":{"0":"post-148503","1":"product","2":"type-product","3":"status-publish","4":"has-post-thumbnail","6":"product_cat-raudoni-taskiniai-taikiniai","8":"first","9":"onbackorder","10":"taxable","11":"shipping-taxable","12":"product-type-simple"},"acf":[],"_links":{"self":[{"href":"https:\/\/kingarms.ee\/lt\/wp-json\/wp\/v2\/product\/148503","targetHints":{"allow":["GET"]}}],"collection":[{"href":"https:\/\/kingarms.ee\/lt\/wp-json\/wp\/v2\/product"}],"about":[{"href":"https:\/\/kingarms.ee\/lt\/wp-json\/wp\/v2\/types\/product"}],"wp:featuredmedia":[{"embeddable":true,"href":"https:\/\/kingarms.ee\/lt\/wp-json\/wp\/v2\/media\/122314"}],"wp:attachment":[{"href":"https:\/\/kingarms.ee\/lt\/wp-json\/wp\/v2\/media?parent=148503"}],"wp:term":[{"taxonomy":"product_brand","embeddable":true,"href":"https:\/\/kingarms.ee\/lt\/wp-json\/wp\/v2\/product_brand?post=148503"},{"taxonomy":"product_cat","embeddable":true,"href":"https:\/\/kingarms.ee\/lt\/wp-json\/wp\/v2\/product_cat?post=148503"},{"taxonomy":"product_tag","embeddable":true,"href":"https:\/\/kingarms.ee\/lt\/wp-json\/wp\/v2\/product_tag?post=148503"}],"curies":[{"name":"wp","href":"https:\/\/api.w.org\/{rel}","templated":true}]}}