{"id":148505,"date":"2022-06-13T12:08:57","date_gmt":"2025-05-04T09:35:26","guid":{"rendered":"https:\/\/kingarms.ee\/product\/he507c-gr-x2-elite-solar-green-circle-dot-sight-holosun\/"},"modified":"2025-05-04T12:35:26","modified_gmt":"2025-05-04T09:35:26","slug":"he507c-gr-x2-elite-solar-green-circle-dot-sight-holosun","status":"publish","type":"product","link":"https:\/\/kingarms.ee\/lt\/product\/he507c-gr-x2-elite-solar-green-circle-dot-sight-holosun\/","title":{"rendered":"HE507C-GR X2 Elite Solar Green Circle Dot Sight Holosun"},"content":{"rendered":"","protected":false},"excerpt":{"rendered":"<p>HE507C-GR X2 Elite Solar Green Circle Dot Sight Holosun<\/p>\n<p>HE507C-GR &#8211; tai atviras refleksinis optinis taikiklis, skirtas pistoletams. Funkcijos: &#8220;Holosun&#8221; \u017ealiasis &#8220;Super LED&#8221;, kurio baterija veikia iki 50 t\u016bkst. valand\u0173, keli\u0173 daleli\u0173 sistema, &#8220;Solar Failsafe&#8221; ir &#8220;Shake Awake&#8221;.<\/p>\n<ul>\n<li>MRS: Apskritimo ta\u0161kas; 2 MOA ta\u0161kas; 32 MOA apskritimas<\/li>\n<li>&#8220;Super Green LED<\/li>\n<li>Iki 50 000 valand\u0173 baterijos veikimo laikas (6 nustatymas)<\/li>\n<li>Iki 50 000 valand\u0173 akumuliatoriaus veikimo laikas (nustatymas 6)<\/li>\n<li>Convenient Tray Battery Compartment<\/li>\n<li>Parallax-free &amp; Unlimited Eye Relief<\/li>\n<\/ul>\n","protected":false},"featured_media":122270,"template":"","meta":{"_acf_changed":false},"product_brand":[],"product_cat":[1167],"product_tag":[],"class_list":{"0":"post-148505","1":"product","2":"type-product","3":"status-publish","4":"has-post-thumbnail","6":"product_cat-raudoni-taskiniai-taikiniai","8":"first","9":"onbackorder","10":"sale","11":"taxable","12":"shipping-taxable","13":"product-type-simple"},"acf":[],"_links":{"self":[{"href":"https:\/\/kingarms.ee\/lt\/wp-json\/wp\/v2\/product\/148505","targetHints":{"allow":["GET"]}}],"collection":[{"href":"https:\/\/kingarms.ee\/lt\/wp-json\/wp\/v2\/product"}],"about":[{"href":"https:\/\/kingarms.ee\/lt\/wp-json\/wp\/v2\/types\/product"}],"wp:featuredmedia":[{"embeddable":true,"href":"https:\/\/kingarms.ee\/lt\/wp-json\/wp\/v2\/media\/122270"}],"wp:attachment":[{"href":"https:\/\/kingarms.ee\/lt\/wp-json\/wp\/v2\/media?parent=148505"}],"wp:term":[{"taxonomy":"product_brand","embeddable":true,"href":"https:\/\/kingarms.ee\/lt\/wp-json\/wp\/v2\/product_brand?post=148505"},{"taxonomy":"product_cat","embeddable":true,"href":"https:\/\/kingarms.ee\/lt\/wp-json\/wp\/v2\/product_cat?post=148505"},{"taxonomy":"product_tag","embeddable":true,"href":"https:\/\/kingarms.ee\/lt\/wp-json\/wp\/v2\/product_tag?post=148505"}],"curies":[{"name":"wp","href":"https:\/\/api.w.org\/{rel}","templated":true}]}}