{"id":148512,"date":"2022-06-06T15:22:40","date_gmt":"2025-05-04T09:44:22","guid":{"rendered":"https:\/\/kingarms.ee\/product\/m620u-ginklo-zibintas-naktine-evoliucija\/"},"modified":"2025-05-04T12:44:22","modified_gmt":"2025-05-04T09:44:22","slug":"m620u-ginklo-zibintas-naktine-evoliucija","status":"publish","type":"product","link":"https:\/\/kingarms.ee\/lt\/product\/m620u-ginklo-zibintas-naktine-evoliucija\/","title":{"rendered":"M620U ginklo \u017eibintas [Naktin\u0117 evoliucija]"},"content":{"rendered":"","protected":false},"excerpt":{"rendered":"<p>M620U ginklo \u017eibintas [Naktin\u0117 evoliucija]<\/p>\n<p>\u0160viesa CREE XP-G R5 LED 450 liumen\u0173<br \/>\nViduje esantis sandarus \u017eiedas<br \/>\nmed\u017eiaga: ALIUMINIS CNC<br \/>\nsvoris: apie 140gr<br \/>\nilgis: 138 mm<br \/>\nM93 greitasis atlaisvinimas 20 mm<br \/>\nveikia su 2x CR123 baterijomis (NE\u012eSKAI\u010cIUOTOS)<br \/>\nFIKSUOTO \u0160VIESOS funkcija (daugiau nei 60 minu\u010di\u0173 visada \u012fjungta)<\/p>\n","protected":false},"featured_media":122003,"template":"","meta":{"_acf_changed":false},"product_brand":[],"product_cat":[1173],"product_tag":[],"class_list":{"0":"post-148512","1":"product","2":"type-product","3":"status-publish","4":"has-post-thumbnail","6":"product_cat-zibintuvelis","8":"first","9":"instock","10":"taxable","11":"shipping-taxable","12":"purchasable","13":"product-type-simple"},"acf":[],"_links":{"self":[{"href":"https:\/\/kingarms.ee\/lt\/wp-json\/wp\/v2\/product\/148512","targetHints":{"allow":["GET"]}}],"collection":[{"href":"https:\/\/kingarms.ee\/lt\/wp-json\/wp\/v2\/product"}],"about":[{"href":"https:\/\/kingarms.ee\/lt\/wp-json\/wp\/v2\/types\/product"}],"wp:featuredmedia":[{"embeddable":true,"href":"https:\/\/kingarms.ee\/lt\/wp-json\/wp\/v2\/media\/122003"}],"wp:attachment":[{"href":"https:\/\/kingarms.ee\/lt\/wp-json\/wp\/v2\/media?parent=148512"}],"wp:term":[{"taxonomy":"product_brand","embeddable":true,"href":"https:\/\/kingarms.ee\/lt\/wp-json\/wp\/v2\/product_brand?post=148512"},{"taxonomy":"product_cat","embeddable":true,"href":"https:\/\/kingarms.ee\/lt\/wp-json\/wp\/v2\/product_cat?post=148512"},{"taxonomy":"product_tag","embeddable":true,"href":"https:\/\/kingarms.ee\/lt\/wp-json\/wp\/v2\/product_tag?post=148512"}],"curies":[{"name":"wp","href":"https:\/\/api.w.org\/{rel}","templated":true}]}}