{"id":148514,"date":"2022-06-06T15:19:50","date_gmt":"2025-05-04T09:47:13","guid":{"rendered":"https:\/\/kingarms.ee\/product\/iii-kartos-salmo-sviesos-naktine-evoliucija\/"},"modified":"2025-05-04T12:47:13","modified_gmt":"2025-05-04T09:47:13","slug":"iii-kartos-salmo-sviesos-naktine-evoliucija","status":"publish","type":"product","link":"https:\/\/kingarms.ee\/lt\/product\/iii-kartos-salmo-sviesos-naktine-evoliucija\/","title":{"rendered":"III kartos \u0161almo \u0161viesos naktin\u0117 evoliucija"},"content":{"rendered":"","protected":false},"excerpt":{"rendered":"<p>III kartos \u0161almo \u0161viesos naktin\u0117 evoliucija<\/p>\n<p>&#8222;Night Evolution&#8221; \u0161almo \u017eibint\u0173 komplektas Gen III, \u0161viesos blokas turi 3 baltus \u0161viesos diodus, 2 raudonus \u0161viesos diodus ir infraraudon\u0173j\u0173 spinduli\u0173 IFF \u0161viesos diod\u0173 \u0161vytur\u0117l\u012f, u\u017etikrinant\u012f 30 liumen\u0173 \u0161viesos diod\u0173 \u0161viesos sraut\u0105 esant silpnam ap\u0161vietimui. Rinkinyje yra du adapterio laikikliai, skirti tiek &#8222;Molle&#8221; platformai, tiek MICH \u0161almui, tod\u0117l naudotojas turi daugiau galimybi\u0173 pritvirtinti \u0161viesos \u012frengin\u012f.<\/p>\n<p><strong>Funkcijos:<\/strong><br \/>\n&#8211; Trys i\u0161vesties re\u017eimai su 3 baltais \u0161viesos diodais, 2 raudonais \u0161viesos diodais ir infraraudon\u0173j\u0173 spinduli\u0173 IFF \u0161viesos diod\u0173 \u0161vyturiu<br \/>\n&#8211; 3 lygi\u0173 ry\u0161kumo reguliavimas<br \/>\n&#8211; Du perjungiamieji jungikliai ir sl\u0117gio jungiklis &#8211; visi\u0161kas valdymas<br \/>\n&#8211; Komplekte yra &#8222;Molle&#8221; adapterio laikiklis, leid\u017eiantis reguliuoti kamp\u0105 125 briaunomis<br \/>\n&#8211; Komplektuojamas su MICH \u0161almo laikikliu<br \/>\n&#8211; Maitinamas CR123A (3,0 V) arba 16430 (3,7 V) baterijomis<\/p>\n","protected":false},"featured_media":122142,"template":"","meta":{"_acf_changed":false},"product_brand":[],"product_cat":[1172],"product_tag":[],"class_list":{"0":"post-148514","1":"product","2":"type-product","3":"status-publish","4":"has-post-thumbnail","6":"product_cat-priekiniai-zibintai","8":"first","9":"instock","10":"taxable","11":"shipping-taxable","12":"purchasable","13":"product-type-simple"},"acf":[],"_links":{"self":[{"href":"https:\/\/kingarms.ee\/lt\/wp-json\/wp\/v2\/product\/148514","targetHints":{"allow":["GET"]}}],"collection":[{"href":"https:\/\/kingarms.ee\/lt\/wp-json\/wp\/v2\/product"}],"about":[{"href":"https:\/\/kingarms.ee\/lt\/wp-json\/wp\/v2\/types\/product"}],"wp:featuredmedia":[{"embeddable":true,"href":"https:\/\/kingarms.ee\/lt\/wp-json\/wp\/v2\/media\/122142"}],"wp:attachment":[{"href":"https:\/\/kingarms.ee\/lt\/wp-json\/wp\/v2\/media?parent=148514"}],"wp:term":[{"taxonomy":"product_brand","embeddable":true,"href":"https:\/\/kingarms.ee\/lt\/wp-json\/wp\/v2\/product_brand?post=148514"},{"taxonomy":"product_cat","embeddable":true,"href":"https:\/\/kingarms.ee\/lt\/wp-json\/wp\/v2\/product_cat?post=148514"},{"taxonomy":"product_tag","embeddable":true,"href":"https:\/\/kingarms.ee\/lt\/wp-json\/wp\/v2\/product_tag?post=148514"}],"curies":[{"name":"wp","href":"https:\/\/api.w.org\/{rel}","templated":true}]}}