{"id":148516,"date":"2022-06-06T15:17:47","date_gmt":"2025-05-04T09:50:54","guid":{"rendered":"https:\/\/kingarms.ee\/product\/hs512c-saules-raudonojo-apskritimo-taskinis-taikiklis-holosun\/"},"modified":"2025-05-04T12:50:54","modified_gmt":"2025-05-04T09:50:54","slug":"hs512c-saules-raudonojo-apskritimo-taskinis-taikiklis-holosun","status":"publish","type":"product","link":"https:\/\/kingarms.ee\/lt\/product\/hs512c-saules-raudonojo-apskritimo-taskinis-taikiklis-holosun\/","title":{"rendered":"HS512C Saul\u0117s raudonojo apskritimo ta\u0161kinis taikiklis &#8220;Holosun"},"content":{"rendered":"","protected":false},"excerpt":{"rendered":"<p>HS512C Saul\u0117s raudonojo apskritimo ta\u0161kinis taikiklis &#8220;Holosun<\/p>\n<p>HS512C yra u\u017edaras optinis taikiklis, skirtas \u0161autuvams ir karabinams. Funkcijos: &#8220;Holosun&#8221; &#8220;Super LED&#8221; su iki 50 t\u016bkst. valand\u0173 veikian\u010diu akumuliatoriumi, keli\u0173 daleli\u0173 sistema, &#8220;Solar Failsafe&#8221; ir &#8220;Shake Awake&#8221;.<\/p>\n<p style=\"font-weight: 400;\"><b><strong>&#8220;Solar Failsafe<\/strong><\/b><\/p>\n<p style=\"font-weight: 400;\">&#8220;Holosun&#8221; &#8220;Solar Failsafe&#8221; technologija yra naujovi\u0161ka funkcija, kuri\u0105 &#8220;Holosun&#8221; pirm\u0105 kart\u0105 \u012fdieg\u0117 raudonojo ta\u0161ko taikikliuose.<\/p>\n<p style=\"font-weight: 400;\">D\u0117l saul\u0117s apsaugos nuo gedimo raudonojo ta\u0161ko taikiklis i\u0161lieka \u012fjungtas, kai sugenda akumuliatorius.<\/p>\n<p style=\"font-weight: 400;\">&#8220;Holosun&#8221; optika su &#8220;Solar Failsafe&#8221; funkcija automati\u0161kai reguliuoja ry\u0161kum\u0105; kai esate po saule, tinklelis yra ry\u0161kus, o per\u0117jus \u012f patalp\u0105 jis automati\u0161kai suma\u017e\u0117ja, kad atitikt\u0173 aplinkos ap\u0161vietimo s\u0105lygas.<\/p>\n<p style=\"font-weight: 400;\"><b><strong>Sukr\u0117sti pabusti<\/strong><\/b><\/p>\n<p style=\"font-weight: 400;\"><b><strong>Kai purtote optin\u012f prietais\u0105:<\/strong><\/b> \u012emontuotas judesio jutiklis akimirksniu \u012fjungia \u0161viesos diod\u0105.<\/p>\n<p style=\"font-weight: 400;\">&#8220;Holosun&#8221; &#8220;Shake Awake&#8221; technologija i\u0161jungia \u0161viesos diod\u0105 nejud\u0117jimo metu.<\/p>\n<p style=\"font-weight: 400;\">Laikas, per kur\u012f \u0161viesos diodas i\u0161sijungia (pereina \u012f miego re\u017eim\u0105), yra programuojamas vartotojo. Taip pat galima visi\u0161kai i\u0161jungti &#8220;Shake Awake&#8221; re\u017eim\u0105, tod\u0117l optinis prietaisas gali b\u016bti \u012fjungtas iki 100 t\u016bkst. valand\u0173 (tam tikruose modeliuose). <\/p>\n<p style=\"font-weight: 400;\"><b><strong>Keli\u0173 taikikli\u0173 sistema<\/strong><\/b><\/p>\n<p style=\"font-weight: 400;\">M.R.S. suteikia naudotojui galimyb\u0119 lanks\u010diai naudoti optik\u0105 taip, kaip jam reikia. \u0160i\u0105 funkcij\u0105 turintys \u012frenginiai leid\u017eia naudotojui \u012fjungti arba i\u0161jungti tam tikras tinklelio dalis, tod\u0117l naudotojas gali pasirinkti ideal\u0173 tinklel\u012f konkre\u010diam darbui atlikti. <\/p>\n<p style=\"font-weight: 400;\"><b><strong>&#8220;Super LED<\/strong><\/b><\/p>\n<p style=\"font-weight: 400;\">&#8220;Holosun Super LED&#8221; u\u017etikrina universal\u0173 intensyvumo diapazon\u0105, kad b\u016bt\u0173 galima naudoti nuo ry\u0161kiausios aplinkos iki neap\u0161viestos aplinkos.<\/p>\n<p style=\"font-weight: 400;\">Funkcija: \u017dmogaus akis jautriau ir patogiau reaguoja \u012f auksin\u0119 ir \u017eali\u0105 spalvas (auk\u0161ta reg\u0117jimo funkcija).<\/p>\n<p style=\"font-weight: 400;\">&#8220;Super Green&#8221; \u0161viesos diodas ne tik suteikia galimyb\u0119 naudotis tiems, kurie sunkiai mato raudonos spalvos spektr\u0105, bet ir u\u017etikrina didesn\u012f energijos vartojimo efektyvum\u0105 naudojant optin\u012f prietais\u0105 esant dideliam ry\u0161kumui.<\/p>\n","protected":false},"featured_media":122211,"template":"","meta":{"_acf_changed":false},"product_brand":[],"product_cat":[1167],"product_tag":[],"class_list":{"0":"post-148516","1":"product","2":"type-product","3":"status-publish","4":"has-post-thumbnail","6":"product_cat-raudoni-taskiniai-taikiniai","8":"first","9":"onbackorder","10":"taxable","11":"shipping-taxable","12":"product-type-simple"},"acf":[],"_links":{"self":[{"href":"https:\/\/kingarms.ee\/lt\/wp-json\/wp\/v2\/product\/148516","targetHints":{"allow":["GET"]}}],"collection":[{"href":"https:\/\/kingarms.ee\/lt\/wp-json\/wp\/v2\/product"}],"about":[{"href":"https:\/\/kingarms.ee\/lt\/wp-json\/wp\/v2\/types\/product"}],"wp:featuredmedia":[{"embeddable":true,"href":"https:\/\/kingarms.ee\/lt\/wp-json\/wp\/v2\/media\/122211"}],"wp:attachment":[{"href":"https:\/\/kingarms.ee\/lt\/wp-json\/wp\/v2\/media?parent=148516"}],"wp:term":[{"taxonomy":"product_brand","embeddable":true,"href":"https:\/\/kingarms.ee\/lt\/wp-json\/wp\/v2\/product_brand?post=148516"},{"taxonomy":"product_cat","embeddable":true,"href":"https:\/\/kingarms.ee\/lt\/wp-json\/wp\/v2\/product_cat?post=148516"},{"taxonomy":"product_tag","embeddable":true,"href":"https:\/\/kingarms.ee\/lt\/wp-json\/wp\/v2\/product_tag?post=148516"}],"curies":[{"name":"wp","href":"https:\/\/api.w.org\/{rel}","templated":true}]}}