{"id":148518,"date":"2022-06-06T15:14:12","date_gmt":"2025-05-04T09:52:58","guid":{"rendered":"https:\/\/kingarms.ee\/product\/x300v-zibintuvelio-nakties-evoliucija\/"},"modified":"2025-05-04T12:52:58","modified_gmt":"2025-05-04T09:52:58","slug":"x300v-zibintuvelio-nakties-evoliucija","status":"publish","type":"product","link":"https:\/\/kingarms.ee\/lt\/product\/x300v-zibintuvelio-nakties-evoliucija\/","title":{"rendered":"X300V \u017eibintuv\u0117lio nakties evoliucija"},"content":{"rendered":"","protected":false},"excerpt":{"rendered":"<p>X300V \u017eibintuv\u0117lio nakties evoliucija<\/p>\n<p>Galingas ir universalus &#8220;Night Evolution X300V&#8221; turi didelio na\u0161umo \u0161viesos diod\u0105, kuris generuoja stulbinan\u010di\u0105 balt\u0105 stroboskopin\u0119 \u0161vies\u0105, skleid\u017eian\u010di\u0105 siaur\u0105 \u0161vies\u0105, pasi\u017eymin\u010di\u0105 dideliu spinduli\u0173 pluo\u0161tu ir dideliu aplinkiniu ap\u0161vietimu, u\u017etikrinan\u010diu periferin\u012f matomum\u0105. Beveik nesunaikinamas ir labai efektyvus \u0161viesos diodas generuoja taktinio lygio \u0161vies\u0105, kurios visi\u0161kai pakanka, kad u\u017ego\u017et\u0173 prie tamsos prisitaikiusio agresoriaus reg\u0117jim\u0105.<\/p>\n","protected":false},"featured_media":122116,"template":"","meta":{"_acf_changed":false},"product_brand":[],"product_cat":[1173],"product_tag":[],"class_list":{"0":"post-148518","1":"product","2":"type-product","3":"status-publish","4":"has-post-thumbnail","6":"product_cat-zibintuvelis","8":"first","9":"instock","10":"taxable","11":"shipping-taxable","12":"purchasable","13":"product-type-simple"},"acf":[],"_links":{"self":[{"href":"https:\/\/kingarms.ee\/lt\/wp-json\/wp\/v2\/product\/148518","targetHints":{"allow":["GET"]}}],"collection":[{"href":"https:\/\/kingarms.ee\/lt\/wp-json\/wp\/v2\/product"}],"about":[{"href":"https:\/\/kingarms.ee\/lt\/wp-json\/wp\/v2\/types\/product"}],"wp:featuredmedia":[{"embeddable":true,"href":"https:\/\/kingarms.ee\/lt\/wp-json\/wp\/v2\/media\/122116"}],"wp:attachment":[{"href":"https:\/\/kingarms.ee\/lt\/wp-json\/wp\/v2\/media?parent=148518"}],"wp:term":[{"taxonomy":"product_brand","embeddable":true,"href":"https:\/\/kingarms.ee\/lt\/wp-json\/wp\/v2\/product_brand?post=148518"},{"taxonomy":"product_cat","embeddable":true,"href":"https:\/\/kingarms.ee\/lt\/wp-json\/wp\/v2\/product_cat?post=148518"},{"taxonomy":"product_tag","embeddable":true,"href":"https:\/\/kingarms.ee\/lt\/wp-json\/wp\/v2\/product_tag?post=148518"}],"curies":[{"name":"wp","href":"https:\/\/api.w.org\/{rel}","templated":true}]}}