{"id":148524,"date":"2022-06-06T15:04:53","date_gmt":"2025-05-04T10:00:12","guid":{"rendered":"https:\/\/kingarms.ee\/product\/m600w-scout-weaponlight-night-evolution\/"},"modified":"2025-05-04T13:00:12","modified_gmt":"2025-05-04T10:00:12","slug":"m600w-scout-weaponlight-night-evolution","status":"publish","type":"product","link":"https:\/\/kingarms.ee\/lt\/product\/m600w-scout-weaponlight-night-evolution\/","title":{"rendered":"\u201eM600W Scout Weaponlight Night Evolution\u201c"},"content":{"rendered":"","protected":false},"excerpt":{"rendered":"<p>\u201eM600W Scout Weaponlight Night Evolution\u201c<\/p>\n<p>Kompakti\u0161kas M600 suma\u017eina papildom\u0105 svor\u012f, atlaisvina viet\u0105 ant d\u0117tuv\u0117s kitiems priedams ir padidina ginklo manevringum\u0105, palyginti su didesniais &#8220;WeaponLights&#8221; \u017eibintais. Jis tvirtinamas integruotu galvut\u0117s gnybtuotu spaustuku.<\/p>\n<p>\u0160iame modelyje \u012frengtas spragtel\u0117jimo tipo galinio dangtelio jungiklis: paspauskite, kad trumpam \u012fjungtum\u0117te, paspauskite toliau, kad \u012fjungtum\u0117te nuolat. Jungiklis yra apsaugotas, kad b\u016bt\u0173 suma\u017einta atsitiktinio \u012fjungimo galimyb\u0117. Suderinamas nuotolinis juostinis jungiklis.<\/p>\n<p>I\u0161versta su www.DeepL.com\/Translator (nemokama versija)<\/p>\n","protected":false},"featured_media":122088,"template":"","meta":{"_acf_changed":false},"product_brand":[],"product_cat":[1173],"product_tag":[],"class_list":{"0":"post-148524","1":"product","2":"type-product","3":"status-publish","4":"has-post-thumbnail","6":"product_cat-zibintuvelis","8":"first","9":"instock","10":"taxable","11":"shipping-taxable","12":"purchasable","13":"product-type-simple"},"acf":[],"_links":{"self":[{"href":"https:\/\/kingarms.ee\/lt\/wp-json\/wp\/v2\/product\/148524","targetHints":{"allow":["GET"]}}],"collection":[{"href":"https:\/\/kingarms.ee\/lt\/wp-json\/wp\/v2\/product"}],"about":[{"href":"https:\/\/kingarms.ee\/lt\/wp-json\/wp\/v2\/types\/product"}],"wp:featuredmedia":[{"embeddable":true,"href":"https:\/\/kingarms.ee\/lt\/wp-json\/wp\/v2\/media\/122088"}],"wp:attachment":[{"href":"https:\/\/kingarms.ee\/lt\/wp-json\/wp\/v2\/media?parent=148524"}],"wp:term":[{"taxonomy":"product_brand","embeddable":true,"href":"https:\/\/kingarms.ee\/lt\/wp-json\/wp\/v2\/product_brand?post=148524"},{"taxonomy":"product_cat","embeddable":true,"href":"https:\/\/kingarms.ee\/lt\/wp-json\/wp\/v2\/product_cat?post=148524"},{"taxonomy":"product_tag","embeddable":true,"href":"https:\/\/kingarms.ee\/lt\/wp-json\/wp\/v2\/product_tag?post=148524"}],"curies":[{"name":"wp","href":"https:\/\/api.w.org\/{rel}","templated":true}]}}