{"id":148526,"date":"2022-06-06T15:00:19","date_gmt":"2025-05-04T10:02:35","guid":{"rendered":"https:\/\/kingarms.ee\/product\/m300w-km1-a-taktine-zibintuveliu-nakties-evoliucija\/"},"modified":"2025-05-04T13:02:35","modified_gmt":"2025-05-04T10:02:35","slug":"m300w-km1-a-taktine-zibintuveliu-nakties-evoliucija","status":"publish","type":"product","link":"https:\/\/kingarms.ee\/lt\/product\/m300w-km1-a-taktine-zibintuveliu-nakties-evoliucija\/","title":{"rendered":"M300W km1-a taktin\u0117 \u017eibintuv\u0117li\u0173 nakties evoliucija"},"content":{"rendered":"","protected":false},"excerpt":{"rendered":"<p>M300W km1-a taktin\u0117 \u017eibintuv\u0117li\u0173 nakties evoliucija<\/p>\n<p>Kompakti\u0161kas M300W \u017eibintuv\u0117lis yra puikus pasirinkimas, kai reikia nedidelio dyd\u017eio ir didel\u0117s galios \u017eibintuv\u0117lio. Idealus priedas automatiniams ginklams ir karabinams su RIS b\u0117geliais. \u017dibintuv\u0117lis yra su standartiniu 22 mm RIS b\u0117gio laikikliu.<\/p>\n<p>\u017dibintuv\u0117lis gali veikti nepertraukiamu ir stroboskopiniu re\u017eimais. \u0160iuos re\u017eimus galima perjungti ranken\u0117le po \u017eibintuv\u0117lio galvute.<\/p>\n","protected":false},"featured_media":122080,"template":"","meta":{"_acf_changed":false},"product_brand":[],"product_cat":[1173],"product_tag":[],"class_list":{"0":"post-148526","1":"product","2":"type-product","3":"status-publish","4":"has-post-thumbnail","6":"product_cat-zibintuvelis","8":"first","9":"instock","10":"taxable","11":"shipping-taxable","12":"purchasable","13":"product-type-simple"},"acf":[],"_links":{"self":[{"href":"https:\/\/kingarms.ee\/lt\/wp-json\/wp\/v2\/product\/148526","targetHints":{"allow":["GET"]}}],"collection":[{"href":"https:\/\/kingarms.ee\/lt\/wp-json\/wp\/v2\/product"}],"about":[{"href":"https:\/\/kingarms.ee\/lt\/wp-json\/wp\/v2\/types\/product"}],"wp:featuredmedia":[{"embeddable":true,"href":"https:\/\/kingarms.ee\/lt\/wp-json\/wp\/v2\/media\/122080"}],"wp:attachment":[{"href":"https:\/\/kingarms.ee\/lt\/wp-json\/wp\/v2\/media?parent=148526"}],"wp:term":[{"taxonomy":"product_brand","embeddable":true,"href":"https:\/\/kingarms.ee\/lt\/wp-json\/wp\/v2\/product_brand?post=148526"},{"taxonomy":"product_cat","embeddable":true,"href":"https:\/\/kingarms.ee\/lt\/wp-json\/wp\/v2\/product_cat?post=148526"},{"taxonomy":"product_tag","embeddable":true,"href":"https:\/\/kingarms.ee\/lt\/wp-json\/wp\/v2\/product_tag?post=148526"}],"curies":[{"name":"wp","href":"https:\/\/api.w.org\/{rel}","templated":true}]}}