{"id":148529,"date":"2022-06-06T14:49:12","date_gmt":"2025-05-04T10:06:12","guid":{"rendered":"https:\/\/kingarms.ee\/product\/m600b-mini-skautu-ginklo-zibintas-night-evolution\/"},"modified":"2025-05-04T13:06:12","modified_gmt":"2025-05-04T10:06:12","slug":"m600b-mini-skautu-ginklo-zibintas-night-evolution","status":"publish","type":"product","link":"https:\/\/kingarms.ee\/lt\/product\/m600b-mini-skautu-ginklo-zibintas-night-evolution\/","title":{"rendered":"M600B Mini skaut\u0173 ginklo \u017eibintas Night Evolution"},"content":{"rendered":"","protected":false},"excerpt":{"rendered":"<p>M600B Mini skaut\u0173 ginklo \u017eibintas Night Evolution<\/p>\n<p>&#8220;Night Evolution M600B Scoutlight&#8221; naudoja &#8220;CREE Q5&#8221; \u0161viesos diod\u0105, kuris generuoja 200 liumen\u0173 akinan\u010di\u0105 balt\u0105 \u0161vies\u0105 ir toliau skleid\u017eia \u0161vies\u0105 daugiau nei 60 minu\u010di\u0173.<\/p>\n<p>Jis turi taktin\u012f perjungim\u0105: paspaud\u017eiamas ir i\u0161jungiamas galinis dangtelis, tod\u0117l j\u012f patogu naudoti. Antrosios kartos spaudimu aktyvuojamas juostinis jungiklis Baltos \u0161viesos ir stroboskopo i\u0161vestis Ver. Jis per kelias sekundes saugiai pritvirtinamas prie bet kokio &#8220;Mil-Spec Picatinny&#8221; b\u0117gio ir maitinamas 2*CR123A (3,0 V) arba 2*16340 (3,7 V) baterijomis.<\/p>\n","protected":false},"featured_media":122064,"template":"","meta":{"_acf_changed":false},"product_brand":[],"product_cat":[1173],"product_tag":[],"class_list":{"0":"post-148529","1":"product","2":"type-product","3":"status-publish","4":"has-post-thumbnail","6":"product_cat-zibintuvelis","8":"first","9":"instock","10":"taxable","11":"shipping-taxable","12":"purchasable","13":"product-type-simple"},"acf":[],"_links":{"self":[{"href":"https:\/\/kingarms.ee\/lt\/wp-json\/wp\/v2\/product\/148529","targetHints":{"allow":["GET"]}}],"collection":[{"href":"https:\/\/kingarms.ee\/lt\/wp-json\/wp\/v2\/product"}],"about":[{"href":"https:\/\/kingarms.ee\/lt\/wp-json\/wp\/v2\/types\/product"}],"wp:featuredmedia":[{"embeddable":true,"href":"https:\/\/kingarms.ee\/lt\/wp-json\/wp\/v2\/media\/122064"}],"wp:attachment":[{"href":"https:\/\/kingarms.ee\/lt\/wp-json\/wp\/v2\/media?parent=148529"}],"wp:term":[{"taxonomy":"product_brand","embeddable":true,"href":"https:\/\/kingarms.ee\/lt\/wp-json\/wp\/v2\/product_brand?post=148529"},{"taxonomy":"product_cat","embeddable":true,"href":"https:\/\/kingarms.ee\/lt\/wp-json\/wp\/v2\/product_cat?post=148529"},{"taxonomy":"product_tag","embeddable":true,"href":"https:\/\/kingarms.ee\/lt\/wp-json\/wp\/v2\/product_tag?post=148529"}],"curies":[{"name":"wp","href":"https:\/\/api.w.org\/{rel}","templated":true}]}}