{"id":148546,"date":"2022-06-06T13:58:02","date_gmt":"2025-05-04T10:24:52","guid":{"rendered":"https:\/\/kingarms.ee\/product\/m600aa-mini-zvalgybinis-ginklo-zibintas-night-evolution\/"},"modified":"2025-05-04T13:24:52","modified_gmt":"2025-05-04T10:24:52","slug":"m600aa-mini-zvalgybinis-ginklo-zibintas-night-evolution","status":"publish","type":"product","link":"https:\/\/kingarms.ee\/lt\/product\/m600aa-mini-zvalgybinis-ginklo-zibintas-night-evolution\/","title":{"rendered":"M600AA mini \u017evalgybinis ginklo \u017eibintas [Night Evolution]"},"content":{"rendered":"","protected":false},"excerpt":{"rendered":"<p>M600AA mini \u017evalgybinis ginklo \u017eibintas [Night Evolution]<\/p>\n<p>M600AA-BK prie m\u016bs\u0173 M600AA-DSS \u017evalgybinio \u017eibinto pridedamas ST07 nuotolinio jungiklio mazgas, kuris padidina na\u0161um\u0105, galimybes ir universalum\u0105. Jo atatrankai atsparus, didelio galingumo \u0161viesos diodas sufokusuojamas patentuotu TIR l\u0119\u0161iu, kad b\u016bt\u0173 sukurtas didelio intensyvumo 200 liumen\u0173 spindulys, pasi\u017eymintis dideliu pasiekiamumu ir periferiniu ap\u0161vietimu, idealiai tinkantis naudoti artimu ir vidutiniu atstumu. Ta\u010diau M600AA-BK i\u0161 ties\u0173 i\u0161siskiria lankstumu: Jis gali b\u016bti maitinamas AA li\u010dio arba AA \u0161armin\u0117mis baterijomis (pastarosios yra lengviau prieinamos visame pasaulyje), o jo veikimo laikas yra neprilygstamas.  <\/p>\n","protected":false},"featured_media":121995,"template":"","meta":{"_acf_changed":false},"product_brand":[],"product_cat":[1173],"product_tag":[],"class_list":{"0":"post-148546","1":"product","2":"type-product","3":"status-publish","4":"has-post-thumbnail","6":"product_cat-zibintuvelis","8":"first","9":"instock","10":"taxable","11":"shipping-taxable","12":"purchasable","13":"product-type-simple"},"acf":[],"_links":{"self":[{"href":"https:\/\/kingarms.ee\/lt\/wp-json\/wp\/v2\/product\/148546","targetHints":{"allow":["GET"]}}],"collection":[{"href":"https:\/\/kingarms.ee\/lt\/wp-json\/wp\/v2\/product"}],"about":[{"href":"https:\/\/kingarms.ee\/lt\/wp-json\/wp\/v2\/types\/product"}],"wp:featuredmedia":[{"embeddable":true,"href":"https:\/\/kingarms.ee\/lt\/wp-json\/wp\/v2\/media\/121995"}],"wp:attachment":[{"href":"https:\/\/kingarms.ee\/lt\/wp-json\/wp\/v2\/media?parent=148546"}],"wp:term":[{"taxonomy":"product_brand","embeddable":true,"href":"https:\/\/kingarms.ee\/lt\/wp-json\/wp\/v2\/product_brand?post=148546"},{"taxonomy":"product_cat","embeddable":true,"href":"https:\/\/kingarms.ee\/lt\/wp-json\/wp\/v2\/product_cat?post=148546"},{"taxonomy":"product_tag","embeddable":true,"href":"https:\/\/kingarms.ee\/lt\/wp-json\/wp\/v2\/product_tag?post=148546"}],"curies":[{"name":"wp","href":"https:\/\/api.w.org\/{rel}","templated":true}]}}