{"id":148548,"date":"2022-06-06T13:53:08","date_gmt":"2025-05-04T10:27:24","guid":{"rendered":"https:\/\/kingarms.ee\/product\/wmx200-taktinis-ginklo-zibintas-naktine-evoliucija\/"},"modified":"2025-05-04T13:27:24","modified_gmt":"2025-05-04T10:27:24","slug":"wmx200-taktinis-ginklo-zibintas-naktine-evoliucija","status":"publish","type":"product","link":"https:\/\/kingarms.ee\/lt\/product\/wmx200-taktinis-ginklo-zibintas-naktine-evoliucija\/","title":{"rendered":"WMX200 taktinis ginklo \u017eibintas [Naktin\u0117 evoliucija]"},"content":{"rendered":"","protected":false},"excerpt":{"rendered":"<p>WMX200 taktinis ginklo \u017eibintas [Naktin\u0117 evoliucija]<\/p>\n<p>Metalin\u0117 konstrukcija<br \/>\n200 liumen\u0173 \/ 60 min. veikimo laikas<br \/>\nTinka montuoti ant 20 mm Picatinny Rail sistemos rankin\u0117s apsaugos<br \/>\nMygtukinis \/ sl\u0117gio pado jungiklis<br \/>\nSu nematoma infraraudon\u0173j\u0173 spinduli\u0173 \u0161viesa u\u017etikrina diskreti\u0161k\u0105 ap\u0161vietim\u0105<\/p>\n","protected":false},"featured_media":121983,"template":"","meta":{"_acf_changed":false},"product_brand":[],"product_cat":[1173],"product_tag":[],"class_list":{"0":"post-148548","1":"product","2":"type-product","3":"status-publish","4":"has-post-thumbnail","6":"product_cat-zibintuvelis","8":"first","9":"instock","10":"taxable","11":"shipping-taxable","12":"purchasable","13":"product-type-simple"},"acf":[],"_links":{"self":[{"href":"https:\/\/kingarms.ee\/lt\/wp-json\/wp\/v2\/product\/148548","targetHints":{"allow":["GET"]}}],"collection":[{"href":"https:\/\/kingarms.ee\/lt\/wp-json\/wp\/v2\/product"}],"about":[{"href":"https:\/\/kingarms.ee\/lt\/wp-json\/wp\/v2\/types\/product"}],"wp:featuredmedia":[{"embeddable":true,"href":"https:\/\/kingarms.ee\/lt\/wp-json\/wp\/v2\/media\/121983"}],"wp:attachment":[{"href":"https:\/\/kingarms.ee\/lt\/wp-json\/wp\/v2\/media?parent=148548"}],"wp:term":[{"taxonomy":"product_brand","embeddable":true,"href":"https:\/\/kingarms.ee\/lt\/wp-json\/wp\/v2\/product_brand?post=148548"},{"taxonomy":"product_cat","embeddable":true,"href":"https:\/\/kingarms.ee\/lt\/wp-json\/wp\/v2\/product_cat?post=148548"},{"taxonomy":"product_tag","embeddable":true,"href":"https:\/\/kingarms.ee\/lt\/wp-json\/wp\/v2\/product_tag?post=148548"}],"curies":[{"name":"wp","href":"https:\/\/api.w.org\/{rel}","templated":true}]}}