{"id":148550,"date":"2022-06-06T13:50:06","date_gmt":"2025-05-04T10:30:14","guid":{"rendered":"https:\/\/kingarms.ee\/product\/akumuliatoriaus-deklas-403-503-515-holosun\/"},"modified":"2025-05-04T13:30:14","modified_gmt":"2025-05-04T10:30:14","slug":"akumuliatoriaus-deklas-403-503-515-holosun","status":"publish","type":"product","link":"https:\/\/kingarms.ee\/lt\/product\/akumuliatoriaus-deklas-403-503-515-holosun\/","title":{"rendered":"Akumuliatoriaus d\u0117klas 403 \/ 503 \/ 515 Holosun"},"content":{"rendered":"","protected":false},"excerpt":{"rendered":"<p>Akumuliatoriaus d\u0117klas 403 \/ 503 \/ 515 Holosun<\/p>\n<p>Ma\u017eas akumuliatoriaus d\u0117klas, skirtas HOLOSUN mikrorefleksiniams taikikliams.<\/p>\n<p>HOLOSUN baterij\u0173 d\u0117klas HS-BATTERY-TRAY-BIG (Micro) naudojamas CR2032 baterijai \u012fd\u0117ti. Jis \u017eavi kompakti\u0161ka konstrukcija ir itin tvirta duraliuminio konstrukcija. Akumuliatoriaus d\u0117kl\u0105 galima lengvai \u012fstatyti ir pritvirtinti dviem &#8220;Torx&#8221; var\u017etais (pridedami). Jis yra suderinamas su HOLOSUN veidrodiniais optiniais taikikliais 403B\/C;503BU\/C\/C\/CU;515BU\/C\/C\/CU.<\/p>\n<ul>\n<li>HOLOSUN MICRO RED DOTS<\/li>\n<li>CR2032 baterijos \u012fd\u0117jimas<\/li>\n<li>lengva naudoti<\/li>\n<li>tvirtas ir lengvas<\/li>\n<li>tvirta duralumino konstrukcija<\/li>\n<\/ul>\n","protected":false},"featured_media":122218,"template":"","meta":{"_acf_changed":false},"product_brand":[],"product_cat":[1168],"product_tag":[],"class_list":{"0":"post-148550","1":"product","2":"type-product","3":"status-publish","4":"has-post-thumbnail","6":"product_cat-tvirtinimo-detales","8":"first","9":"instock","10":"taxable","11":"shipping-taxable","12":"purchasable","13":"product-type-simple"},"acf":[],"_links":{"self":[{"href":"https:\/\/kingarms.ee\/lt\/wp-json\/wp\/v2\/product\/148550","targetHints":{"allow":["GET"]}}],"collection":[{"href":"https:\/\/kingarms.ee\/lt\/wp-json\/wp\/v2\/product"}],"about":[{"href":"https:\/\/kingarms.ee\/lt\/wp-json\/wp\/v2\/types\/product"}],"wp:featuredmedia":[{"embeddable":true,"href":"https:\/\/kingarms.ee\/lt\/wp-json\/wp\/v2\/media\/122218"}],"wp:attachment":[{"href":"https:\/\/kingarms.ee\/lt\/wp-json\/wp\/v2\/media?parent=148550"}],"wp:term":[{"taxonomy":"product_brand","embeddable":true,"href":"https:\/\/kingarms.ee\/lt\/wp-json\/wp\/v2\/product_brand?post=148550"},{"taxonomy":"product_cat","embeddable":true,"href":"https:\/\/kingarms.ee\/lt\/wp-json\/wp\/v2\/product_cat?post=148550"},{"taxonomy":"product_tag","embeddable":true,"href":"https:\/\/kingarms.ee\/lt\/wp-json\/wp\/v2\/product_tag?post=148550"}],"curies":[{"name":"wp","href":"https:\/\/api.w.org\/{rel}","templated":true}]}}