{"id":148553,"date":"2022-06-06T13:44:06","date_gmt":"2025-05-04T10:33:58","guid":{"rendered":"https:\/\/kingarms.ee\/product\/plb-dirzas-juodas\/"},"modified":"2025-05-04T13:33:58","modified_gmt":"2025-05-04T10:33:58","slug":"plb-dirzas-juodas","status":"publish","type":"product","link":"https:\/\/kingarms.ee\/lt\/product\/plb-dirzas-juodas\/","title":{"rendered":"PLB dir\u017eas juodas"},"content":{"rendered":"","protected":false},"excerpt":{"rendered":"<p>Austrijos prek\u0117s \u017eenklo &#8220;Invader Gear&#8221; PLB modelio taktinis dir\u017eas su MOLLE sistema, skirta papildomoms ki\u0161en\u0117ms ir \u012frangai pritvirtinti.<br \/>\nDir\u017eas turi mink\u0161t\u0105 kv\u0117puojant\u012f pamink\u0161tinim\u0105, u\u017etikrinant\u012f didesn\u012f komfort\u0105, ir didel\u012f vidin\u012f &#8220;Velcro&#8221; pleistr\u0105.<br \/>\nVienas dydis reguliuojamas<br \/>\nU\u017esegamas u\u017edarymas<br \/>\n4x D-\u017eiedai<\/p>\n","protected":false},"featured_media":121968,"template":"","meta":{"_acf_changed":false},"product_brand":[],"product_cat":[1232],"product_tag":[],"class_list":{"0":"post-148553","1":"product","2":"type-product","3":"status-publish","4":"has-post-thumbnail","6":"product_cat-ipsc-dirzai","8":"first","9":"instock","10":"taxable","11":"shipping-taxable","12":"purchasable","13":"product-type-simple"},"acf":[],"_links":{"self":[{"href":"https:\/\/kingarms.ee\/lt\/wp-json\/wp\/v2\/product\/148553","targetHints":{"allow":["GET"]}}],"collection":[{"href":"https:\/\/kingarms.ee\/lt\/wp-json\/wp\/v2\/product"}],"about":[{"href":"https:\/\/kingarms.ee\/lt\/wp-json\/wp\/v2\/types\/product"}],"wp:featuredmedia":[{"embeddable":true,"href":"https:\/\/kingarms.ee\/lt\/wp-json\/wp\/v2\/media\/121968"}],"wp:attachment":[{"href":"https:\/\/kingarms.ee\/lt\/wp-json\/wp\/v2\/media?parent=148553"}],"wp:term":[{"taxonomy":"product_brand","embeddable":true,"href":"https:\/\/kingarms.ee\/lt\/wp-json\/wp\/v2\/product_brand?post=148553"},{"taxonomy":"product_cat","embeddable":true,"href":"https:\/\/kingarms.ee\/lt\/wp-json\/wp\/v2\/product_cat?post=148553"},{"taxonomy":"product_tag","embeddable":true,"href":"https:\/\/kingarms.ee\/lt\/wp-json\/wp\/v2\/product_tag?post=148553"}],"curies":[{"name":"wp","href":"https:\/\/api.w.org\/{rel}","templated":true}]}}