{"id":148557,"date":"2022-06-01T16:06:37","date_gmt":"2025-05-04T10:38:52","guid":{"rendered":"https:\/\/kingarms.ee\/product\/fogstop-fogstop-sveicarijos-akis\/"},"modified":"2025-05-04T13:38:52","modified_gmt":"2025-05-04T10:38:52","slug":"fogstop-fogstop-sveicarijos-akis","status":"publish","type":"product","link":"https:\/\/kingarms.ee\/lt\/product\/fogstop-fogstop-sveicarijos-akis\/","title":{"rendered":"FOGSTOP \/ FOGSTOP (\u0160veicarijos akis)"},"content":{"rendered":"<p>FOGSTOP \/ FOGSTOP (\u0160veicarijos akis)<\/p>\n<p><img loading=\"lazy\" decoding=\"async\" class=\"alignnone size-medium wp-image-58837\" src=\"https:\/\/kingarms.ee\/wp-content\/uploads\/2022\/06\/swiss-eye-fogstop-udutoke-300x240.jpeg\" alt=\"\" width=\"300\" height=\"240\" srcset=\"https:\/\/kingarms.ee\/wp-content\/uploads\/2022\/06\/swiss-eye-fogstop-udutoke-300x240.jpeg 300w, https:\/\/kingarms.ee\/wp-content\/uploads\/2022\/06\/swiss-eye-fogstop-udutoke-768x614.jpeg 768w, https:\/\/kingarms.ee\/wp-content\/uploads\/2022\/06\/swiss-eye-fogstop-udutoke-500x400.jpeg 500w, https:\/\/kingarms.ee\/wp-content\/uploads\/2022\/06\/swiss-eye-fogstop-udutoke-150x120.jpeg 150w, https:\/\/kingarms.ee\/wp-content\/uploads\/2022\/06\/swiss-eye-fogstop-udutoke.jpeg 1000w\" sizes=\"auto, (max-width: 300px) 100vw, 300px\" \/><\/p>\n","protected":false},"excerpt":{"rendered":"<p>FOGSTOP<\/p>\n<p>U\u017eraktas, tinkamas vis\u0173 tip\u0173 objektyvams, l\u0119\u0161iams, l\u0119\u0161iams ir t. t.<br \/>\nPakuot\u0117je yra 30 vnt.<\/p>\n","protected":false},"featured_media":121960,"template":"","meta":{"_acf_changed":false},"product_brand":[],"product_cat":[1211,1170],"product_tag":[],"class_list":{"0":"post-148557","1":"product","2":"type-product","3":"status-publish","4":"has-post-thumbnail","6":"product_cat-airsoft-akiniai","7":"product_cat-priedai-lt","9":"first","10":"instock","11":"taxable","12":"shipping-taxable","13":"purchasable","14":"product-type-simple"},"acf":[],"_links":{"self":[{"href":"https:\/\/kingarms.ee\/lt\/wp-json\/wp\/v2\/product\/148557","targetHints":{"allow":["GET"]}}],"collection":[{"href":"https:\/\/kingarms.ee\/lt\/wp-json\/wp\/v2\/product"}],"about":[{"href":"https:\/\/kingarms.ee\/lt\/wp-json\/wp\/v2\/types\/product"}],"wp:featuredmedia":[{"embeddable":true,"href":"https:\/\/kingarms.ee\/lt\/wp-json\/wp\/v2\/media\/121960"}],"wp:attachment":[{"href":"https:\/\/kingarms.ee\/lt\/wp-json\/wp\/v2\/media?parent=148557"}],"wp:term":[{"taxonomy":"product_brand","embeddable":true,"href":"https:\/\/kingarms.ee\/lt\/wp-json\/wp\/v2\/product_brand?post=148557"},{"taxonomy":"product_cat","embeddable":true,"href":"https:\/\/kingarms.ee\/lt\/wp-json\/wp\/v2\/product_cat?post=148557"},{"taxonomy":"product_tag","embeddable":true,"href":"https:\/\/kingarms.ee\/lt\/wp-json\/wp\/v2\/product_tag?post=148557"}],"curies":[{"name":"wp","href":"https:\/\/api.w.org\/{rel}","templated":true}]}}