{"id":148648,"date":"2022-05-31T04:27:17","date_gmt":"2025-05-04T10:57:36","guid":{"rendered":"https:\/\/kingarms.ee\/product\/revenger-tdu-pant-kelnes-cad\/"},"modified":"2025-05-04T13:57:36","modified_gmt":"2025-05-04T10:57:36","slug":"revenger-tdu-pant-kelnes-cad","status":"publish","type":"product","link":"https:\/\/kingarms.ee\/lt\/product\/revenger-tdu-pant-kelnes-cad\/","title":{"rendered":"&#8222;Revenger TDU Pant&#8221; keln\u0117s (CAD)"},"content":{"rendered":"","protected":false},"excerpt":{"rendered":"<p>&#8222;Revenger TDU Pant&#8221; keln\u0117s (CAD)<\/p>\n<p>&#8222;Invader Gear Revenger TDU&#8221; keln\u0117s &#8222;Woodland&#8221; spalvos buvo sukurtos atsi\u017evelgiant \u012f k\u016bno ergonomik\u0105 ir naudingum\u0105. \u0160iose &#8222;Invader Gear&#8221; keln\u0117se yra daug jud\u0117jimo laisv\u0117s ir daug vietos b\u016btiniausiems daiktams ne\u0161ti. Kovin\u0117s keln\u0117s turi 2 priekines ki\u0161enes, 2 galines ki\u0161enes, 2 ki\u0161enes ant \u0161launies kaulo ir 2 ki\u0161enes aplink blauzdas.<\/p>\n","protected":false},"featured_media":121592,"template":"","meta":{"_acf_changed":false},"product_brand":[],"product_cat":[1231],"product_tag":[],"class_list":{"0":"post-148648","1":"product","2":"type-product","3":"status-publish","4":"has-post-thumbnail","6":"product_cat-kelnes","8":"first","9":"instock","10":"purchasable","11":"product-type-variable"},"acf":[],"_links":{"self":[{"href":"https:\/\/kingarms.ee\/lt\/wp-json\/wp\/v2\/product\/148648","targetHints":{"allow":["GET"]}}],"collection":[{"href":"https:\/\/kingarms.ee\/lt\/wp-json\/wp\/v2\/product"}],"about":[{"href":"https:\/\/kingarms.ee\/lt\/wp-json\/wp\/v2\/types\/product"}],"wp:featuredmedia":[{"embeddable":true,"href":"https:\/\/kingarms.ee\/lt\/wp-json\/wp\/v2\/media\/121592"}],"wp:attachment":[{"href":"https:\/\/kingarms.ee\/lt\/wp-json\/wp\/v2\/media?parent=148648"}],"wp:term":[{"taxonomy":"product_brand","embeddable":true,"href":"https:\/\/kingarms.ee\/lt\/wp-json\/wp\/v2\/product_brand?post=148648"},{"taxonomy":"product_cat","embeddable":true,"href":"https:\/\/kingarms.ee\/lt\/wp-json\/wp\/v2\/product_cat?post=148648"},{"taxonomy":"product_tag","embeddable":true,"href":"https:\/\/kingarms.ee\/lt\/wp-json\/wp\/v2\/product_tag?post=148648"}],"curies":[{"name":"wp","href":"https:\/\/api.w.org\/{rel}","templated":true}]}}