{"id":148733,"date":"2022-05-31T02:05:39","date_gmt":"2025-05-04T11:16:06","guid":{"rendered":"https:\/\/kingarms.ee\/product\/koviniai-marskineliai-trumpomis-rankovemis-cad\/"},"modified":"2025-05-04T14:16:06","modified_gmt":"2025-05-04T11:16:06","slug":"koviniai-marskineliai-trumpomis-rankovemis-cad","status":"publish","type":"product","link":"https:\/\/kingarms.ee\/lt\/product\/koviniai-marskineliai-trumpomis-rankovemis-cad\/","title":{"rendered":"Koviniai mar\u0161kin\u0117liai trumpomis rankov\u0117mis CAD"},"content":{"rendered":"","protected":false},"excerpt":{"rendered":"<p>Koviniai mar\u0161kin\u0117liai trumpomis rankov\u0117mis CAD<\/p>\n<p>Labai patogus ir populiarus vasaros aprangos pasirinkimas &#8211; liemen\u0117s mar\u0161kiniai trumpomis rankov\u0117mis. Mar\u0161kin\u0117liai pagaminti i\u0161 medviln\u0117s ir poliesterio. Mar\u0161kin\u0117li\u0173 korpusas yra priglud\u0119s. Mar\u0161kin\u0117liai yra Kanados skaitmenin\u0117je scenoje. Naujausias &#8220;Invadergear&#8221; gaminys.<\/p>\n","protected":false},"featured_media":121018,"template":"","meta":{"_acf_changed":false},"product_brand":[],"product_cat":[1230],"product_tag":[],"class_list":{"0":"post-148733","1":"product","2":"type-product","3":"status-publish","4":"has-post-thumbnail","6":"product_cat-palaidines-marskiniai","8":"first","9":"instock","10":"purchasable","11":"product-type-variable"},"acf":[],"_links":{"self":[{"href":"https:\/\/kingarms.ee\/lt\/wp-json\/wp\/v2\/product\/148733","targetHints":{"allow":["GET"]}}],"collection":[{"href":"https:\/\/kingarms.ee\/lt\/wp-json\/wp\/v2\/product"}],"about":[{"href":"https:\/\/kingarms.ee\/lt\/wp-json\/wp\/v2\/types\/product"}],"wp:featuredmedia":[{"embeddable":true,"href":"https:\/\/kingarms.ee\/lt\/wp-json\/wp\/v2\/media\/121018"}],"wp:attachment":[{"href":"https:\/\/kingarms.ee\/lt\/wp-json\/wp\/v2\/media?parent=148733"}],"wp:term":[{"taxonomy":"product_brand","embeddable":true,"href":"https:\/\/kingarms.ee\/lt\/wp-json\/wp\/v2\/product_brand?post=148733"},{"taxonomy":"product_cat","embeddable":true,"href":"https:\/\/kingarms.ee\/lt\/wp-json\/wp\/v2\/product_cat?post=148733"},{"taxonomy":"product_tag","embeddable":true,"href":"https:\/\/kingarms.ee\/lt\/wp-json\/wp\/v2\/product_tag?post=148733"}],"curies":[{"name":"wp","href":"https:\/\/api.w.org\/{rel}","templated":true}]}}