{"id":148749,"date":"2022-05-30T17:50:58","date_gmt":"2025-05-04T11:22:58","guid":{"rendered":"https:\/\/kingarms.ee\/product\/elektrinis-sautuvas-pcc45-gg\/"},"modified":"2025-05-04T14:22:58","modified_gmt":"2025-05-04T11:22:58","slug":"elektrinis-sautuvas-pcc45-gg","status":"publish","type":"product","link":"https:\/\/kingarms.ee\/lt\/product\/elektrinis-sautuvas-pcc45-gg\/","title":{"rendered":"ELEKTRINIS \u0160AUTUVAS PCC45 G&amp;G"},"content":{"rendered":"","protected":false},"excerpt":{"rendered":"<p>ELEKTRINIS \u0160AUTUVAS PCC45 G&amp;G<\/p>\n<p>CNC anoduoto aliuminio m-lok qd rankin\u0117 apsauga<br \/>\nPolimerin\u0117 apatin\u0117 imtuvo dalis<br \/>\nVidutin\u0117s talpos 110 \u0161ovini\u0173 d\u0117tuv\u0117 su fiktyviais .45 \u0161oviniais<br \/>\nSulankstomos atsargos<br \/>\nDvipusis selektorius<br \/>\nDvipusis u\u017erakto fiksatorius<br \/>\nEtu 2.0 ir atnaujintas 4\u00b0 gen. Mosfet<br \/>\nG2 pavar\u0173 d\u0117\u017e\u0117 su 8 mm \u012fvor\u0117mis ir qd spyruokl\u0117s kreipian\u010di\u0105ja<br \/>\nIlgis: 740 mm<br \/>\nSvoris: 2015g<\/p>\n","protected":false},"featured_media":120763,"template":"","meta":{"_acf_changed":false},"product_brand":[],"product_cat":[1139],"product_tag":[],"class_list":{"0":"post-148749","1":"product","2":"type-product","3":"status-publish","4":"has-post-thumbnail","6":"product_cat-elektro-pneumatiniai-ginklai","8":"first","9":"instock","10":"sale","11":"taxable","12":"shipping-taxable","13":"purchasable","14":"product-type-simple"},"acf":[],"_links":{"self":[{"href":"https:\/\/kingarms.ee\/lt\/wp-json\/wp\/v2\/product\/148749","targetHints":{"allow":["GET"]}}],"collection":[{"href":"https:\/\/kingarms.ee\/lt\/wp-json\/wp\/v2\/product"}],"about":[{"href":"https:\/\/kingarms.ee\/lt\/wp-json\/wp\/v2\/types\/product"}],"wp:featuredmedia":[{"embeddable":true,"href":"https:\/\/kingarms.ee\/lt\/wp-json\/wp\/v2\/media\/120763"}],"wp:attachment":[{"href":"https:\/\/kingarms.ee\/lt\/wp-json\/wp\/v2\/media?parent=148749"}],"wp:term":[{"taxonomy":"product_brand","embeddable":true,"href":"https:\/\/kingarms.ee\/lt\/wp-json\/wp\/v2\/product_brand?post=148749"},{"taxonomy":"product_cat","embeddable":true,"href":"https:\/\/kingarms.ee\/lt\/wp-json\/wp\/v2\/product_cat?post=148749"},{"taxonomy":"product_tag","embeddable":true,"href":"https:\/\/kingarms.ee\/lt\/wp-json\/wp\/v2\/product_tag?post=148749"}],"curies":[{"name":"wp","href":"https:\/\/api.w.org\/{rel}","templated":true}]}}