{"id":148751,"date":"2022-05-30T17:45:12","date_gmt":"2025-05-04T11:26:21","guid":{"rendered":"https:\/\/kingarms.ee\/product\/elektrinis-sautuvas-m4-ares\/"},"modified":"2025-05-04T14:26:21","modified_gmt":"2025-05-04T11:26:21","slug":"elektrinis-sautuvas-m4-ares","status":"publish","type":"product","link":"https:\/\/kingarms.ee\/lt\/product\/elektrinis-sautuvas-m4-ares\/","title":{"rendered":"ELEKTRINIS \u0160AUTUVAS M4 [ARES]"},"content":{"rendered":"","protected":false},"excerpt":{"rendered":"<p>Elektrinis \u0161autuvas m4 [ares]<\/p>\n<p>Aliuminio korpusas<br \/>\nMetalin\u0117 pavar\u0173 d\u0117\u017e\u0117<br \/>\nNailono pluo\u0161to amebos rankin\u0117 apsauga<br \/>\nReguliuojamas \u0161uolis auk\u0161tyn<\/p>\n<p>Hi-cap \u017eurnalas 300 \u0161ovini\u0173<br \/>\nApver\u010diami priekiniai ir galiniai taikikliai<br \/>\n&#8220;Ameba&#8221; nailono pluo\u0161to i\u0161traukiama akcija<br \/>\nSauga, pusiau automatinis ir automatinis \u0161audymas<br \/>\nIlgis: 680-760 mm<br \/>\nSvoris: 2520 g<br \/>\nSpalva: juoda<\/p>\n","protected":false},"featured_media":120751,"template":"","meta":{"_acf_changed":false},"product_brand":[],"product_cat":[1139],"product_tag":[],"class_list":{"0":"post-148751","1":"product","2":"type-product","3":"status-publish","4":"has-post-thumbnail","6":"product_cat-elektro-pneumatiniai-ginklai","8":"first","9":"instock","10":"sale","11":"taxable","12":"shipping-taxable","13":"purchasable","14":"product-type-simple"},"acf":[],"_links":{"self":[{"href":"https:\/\/kingarms.ee\/lt\/wp-json\/wp\/v2\/product\/148751","targetHints":{"allow":["GET"]}}],"collection":[{"href":"https:\/\/kingarms.ee\/lt\/wp-json\/wp\/v2\/product"}],"about":[{"href":"https:\/\/kingarms.ee\/lt\/wp-json\/wp\/v2\/types\/product"}],"wp:featuredmedia":[{"embeddable":true,"href":"https:\/\/kingarms.ee\/lt\/wp-json\/wp\/v2\/media\/120751"}],"wp:attachment":[{"href":"https:\/\/kingarms.ee\/lt\/wp-json\/wp\/v2\/media?parent=148751"}],"wp:term":[{"taxonomy":"product_brand","embeddable":true,"href":"https:\/\/kingarms.ee\/lt\/wp-json\/wp\/v2\/product_brand?post=148751"},{"taxonomy":"product_cat","embeddable":true,"href":"https:\/\/kingarms.ee\/lt\/wp-json\/wp\/v2\/product_cat?post=148751"},{"taxonomy":"product_tag","embeddable":true,"href":"https:\/\/kingarms.ee\/lt\/wp-json\/wp\/v2\/product_tag?post=148751"}],"curies":[{"name":"wp","href":"https:\/\/api.w.org\/{rel}","templated":true}]}}