{"id":148761,"date":"2022-05-30T12:51:43","date_gmt":"2025-05-04T11:43:52","guid":{"rendered":"https:\/\/kingarms.ee\/product\/rog-r901-metalinis-begelis-virsuje-armijos-ginkluote\/"},"modified":"2025-05-04T14:43:52","modified_gmt":"2025-05-04T11:43:52","slug":"rog-r901-metalinis-begelis-virsuje-armijos-ginkluote","status":"publish","type":"product","link":"https:\/\/kingarms.ee\/lt\/product\/rog-r901-metalinis-begelis-virsuje-armijos-ginkluote\/","title":{"rendered":"ROG R901 Metalinis b\u0117gelis vir\u0161uje [Armijos ginkluot\u0117]"},"content":{"rendered":"","protected":false},"excerpt":{"rendered":"<p>ROG R901 Metalinis b\u0117gelis vir\u0161uje [Armijos ginkluot\u0117]<\/p>\n<p>6 mm kalibras<br \/>\nPistoleto svoris (kg) 3,38<br \/>\nGalia (d\u017euliais) 1,41<br \/>\nGreitis FPS (0,20gr) 390<br \/>\nReguliuojamas &#8220;Hop-up<br \/>\nMed\u017eiagos ABS, aliuminis, metalas<br \/>\nPistoleto ilgis (mm) 800<br \/>\nVidinio cilindro tipas: AEG<br \/>\nVidin\u0117 cilindro anga (mm) 6,08<br \/>\nVidinis cilindro ilgis (mm) 520<br \/>\nSriegis: 14mm CCW<br \/>\nKulkosvaid\u017ei\u0173 talpa: 330<br \/>\nAkumuliatoriaus jungtis: Tamiya mini<br \/>\n&#8220;Mosfet&#8221;: Ne<br \/>\nVariklio a\u0161is: Kirvio dvaras<br \/>\nGerbox tipas: Pavar\u0173 d\u0117\u017e\u0117 V3<\/p>\n","protected":false},"featured_media":120699,"template":"","meta":{"_acf_changed":false},"product_brand":[],"product_cat":[1139],"product_tag":[],"class_list":{"0":"post-148761","1":"product","2":"type-product","3":"status-publish","4":"has-post-thumbnail","6":"product_cat-elektro-pneumatiniai-ginklai","8":"first","9":"instock","10":"sale","11":"taxable","12":"shipping-taxable","13":"purchasable","14":"product-type-simple"},"acf":[],"_links":{"self":[{"href":"https:\/\/kingarms.ee\/lt\/wp-json\/wp\/v2\/product\/148761","targetHints":{"allow":["GET"]}}],"collection":[{"href":"https:\/\/kingarms.ee\/lt\/wp-json\/wp\/v2\/product"}],"about":[{"href":"https:\/\/kingarms.ee\/lt\/wp-json\/wp\/v2\/types\/product"}],"wp:featuredmedia":[{"embeddable":true,"href":"https:\/\/kingarms.ee\/lt\/wp-json\/wp\/v2\/media\/120699"}],"wp:attachment":[{"href":"https:\/\/kingarms.ee\/lt\/wp-json\/wp\/v2\/media?parent=148761"}],"wp:term":[{"taxonomy":"product_brand","embeddable":true,"href":"https:\/\/kingarms.ee\/lt\/wp-json\/wp\/v2\/product_brand?post=148761"},{"taxonomy":"product_cat","embeddable":true,"href":"https:\/\/kingarms.ee\/lt\/wp-json\/wp\/v2\/product_cat?post=148761"},{"taxonomy":"product_tag","embeddable":true,"href":"https:\/\/kingarms.ee\/lt\/wp-json\/wp\/v2\/product_tag?post=148761"}],"curies":[{"name":"wp","href":"https:\/\/api.w.org\/{rel}","templated":true}]}}