{"id":148763,"date":"2022-05-30T12:36:54","date_gmt":"2025-05-04T11:47:13","guid":{"rendered":"https:\/\/kingarms.ee\/product\/rog-r907-aeg-juodas-armijos-ginkluote\/"},"modified":"2025-05-04T14:47:13","modified_gmt":"2025-05-04T11:47:13","slug":"rog-r907-aeg-juodas-armijos-ginkluote","status":"publish","type":"product","link":"https:\/\/kingarms.ee\/lt\/product\/rog-r907-aeg-juodas-armijos-ginkluote\/","title":{"rendered":"ROG R907 AEG juodas [Armijos ginkluot\u0117]"},"content":{"rendered":"","protected":false},"excerpt":{"rendered":"<p>ROG R907 AEG juodas [Armijos ginkluot\u0117]<\/p>\n<p>Kalibras: 6 mm<br \/>\nVaromosios dujos<br \/>\nPistoleto svoris (kg) 3,28<br \/>\nGalia (d\u017eauliais) 1,2<br \/>\nGreitis FPS (0,20gr) 360<br \/>\nReguliuojamas &#8220;Hop-up<br \/>\nMed\u017eiagos: Metalas, plastikas<br \/>\nPistoleto ilgis (mm) 725<br \/>\nVidinio cilindro tipas AEG<br \/>\nVidin\u0117 cilindro anga (mm) 6,08<br \/>\nVidinis cilindro ilgis (mm) 410<br \/>\nSriegis: 14mm CCW<br \/>\nKulkosvaid\u017ei\u0173 talpa: 330<br \/>\nAkumuliatoriaus jungtis: Tamiya mini<br \/>\n&#8220;Mosfet&#8221; Nr.<br \/>\nKabelio tipas: Atgal<br \/>\nVariklio a\u0161is: Kirvio dvaras<br \/>\nGerbox tipas: Pavar\u0173 d\u0117\u017e\u0117 V3<\/p>\n","protected":false},"featured_media":120657,"template":"","meta":{"_acf_changed":false},"product_brand":[],"product_cat":[1139],"product_tag":[],"class_list":{"0":"post-148763","1":"product","2":"type-product","3":"status-publish","4":"has-post-thumbnail","6":"product_cat-elektro-pneumatiniai-ginklai","8":"first","9":"onbackorder","10":"sale","11":"taxable","12":"shipping-taxable","13":"product-type-simple"},"acf":[],"_links":{"self":[{"href":"https:\/\/kingarms.ee\/lt\/wp-json\/wp\/v2\/product\/148763","targetHints":{"allow":["GET"]}}],"collection":[{"href":"https:\/\/kingarms.ee\/lt\/wp-json\/wp\/v2\/product"}],"about":[{"href":"https:\/\/kingarms.ee\/lt\/wp-json\/wp\/v2\/types\/product"}],"wp:featuredmedia":[{"embeddable":true,"href":"https:\/\/kingarms.ee\/lt\/wp-json\/wp\/v2\/media\/120657"}],"wp:attachment":[{"href":"https:\/\/kingarms.ee\/lt\/wp-json\/wp\/v2\/media?parent=148763"}],"wp:term":[{"taxonomy":"product_brand","embeddable":true,"href":"https:\/\/kingarms.ee\/lt\/wp-json\/wp\/v2\/product_brand?post=148763"},{"taxonomy":"product_cat","embeddable":true,"href":"https:\/\/kingarms.ee\/lt\/wp-json\/wp\/v2\/product_cat?post=148763"},{"taxonomy":"product_tag","embeddable":true,"href":"https:\/\/kingarms.ee\/lt\/wp-json\/wp\/v2\/product_tag?post=148763"}],"curies":[{"name":"wp","href":"https:\/\/api.w.org\/{rel}","templated":true}]}}