{"id":148778,"date":"2022-05-23T15:30:12","date_gmt":"2025-05-04T14:41:29","guid":{"rendered":"https:\/\/kingarms.ee\/product\/pm-ultra-zurnalas\/"},"modified":"2025-05-04T17:41:29","modified_gmt":"2025-05-04T14:41:29","slug":"pm-ultra-zurnalas","status":"publish","type":"product","link":"https:\/\/kingarms.ee\/lt\/product\/pm-ultra-zurnalas\/","title":{"rendered":"PM-ULTRA \u017eurnalas"},"content":{"rendered":"","protected":false},"excerpt":{"rendered":"<p>17 vnt. d\u0117tuv\u0117 CO2 Makarov ULTRA GBB, 4,5 mm kalibras, BB<\/p>\n","protected":false},"featured_media":120640,"template":"","meta":{"_acf_changed":false},"product_brand":[],"product_cat":[1200],"product_tag":[],"class_list":{"0":"post-148778","1":"product","2":"type-product","3":"status-publish","4":"has-post-thumbnail","6":"product_cat-oro-ginklai-lt","8":"first","9":"onbackorder","10":"taxable","11":"shipping-taxable","12":"product-type-simple"},"acf":[],"_links":{"self":[{"href":"https:\/\/kingarms.ee\/lt\/wp-json\/wp\/v2\/product\/148778","targetHints":{"allow":["GET"]}}],"collection":[{"href":"https:\/\/kingarms.ee\/lt\/wp-json\/wp\/v2\/product"}],"about":[{"href":"https:\/\/kingarms.ee\/lt\/wp-json\/wp\/v2\/types\/product"}],"wp:featuredmedia":[{"embeddable":true,"href":"https:\/\/kingarms.ee\/lt\/wp-json\/wp\/v2\/media\/120640"}],"wp:attachment":[{"href":"https:\/\/kingarms.ee\/lt\/wp-json\/wp\/v2\/media?parent=148778"}],"wp:term":[{"taxonomy":"product_brand","embeddable":true,"href":"https:\/\/kingarms.ee\/lt\/wp-json\/wp\/v2\/product_brand?post=148778"},{"taxonomy":"product_cat","embeddable":true,"href":"https:\/\/kingarms.ee\/lt\/wp-json\/wp\/v2\/product_cat?post=148778"},{"taxonomy":"product_tag","embeddable":true,"href":"https:\/\/kingarms.ee\/lt\/wp-json\/wp\/v2\/product_tag?post=148778"}],"curies":[{"name":"wp","href":"https:\/\/api.w.org\/{rel}","templated":true}]}}