{"id":148784,"date":"2022-05-23T14:11:50","date_gmt":"2022-05-23T11:11:50","guid":{"rendered":"https:\/\/kingarms.ee\/product\/x-pro-titan-9mm-pak-retay\/"},"modified":"2025-05-04T17:49:44","modified_gmt":"2025-05-04T14:49:44","slug":"x-pro-titan-9mm-pak-retay","status":"publish","type":"product","link":"https:\/\/kingarms.ee\/lt\/product\/x-pro-titan-9mm-pak-retay\/","title":{"rendered":"X-PRO Titan 9mm PAK RETAY"},"content":{"rendered":"","protected":false},"excerpt":{"rendered":"<p>X-PRO Titan 9mm PAK RETAY<\/p>\n<p>\u017durnalas su rankenos prailginimu<br \/>\nPolimerin\u0117 rankena su &#8220;X Touch&#8221; technologija<br \/>\nVienkartinis \/ dvigubas veiksmas<br \/>\nPlaktuko bloko sauga<br \/>\nSpalva: matin\u0117s titano pilkos spalvos \u0161liuzas ir vamzd\u017eio apvalkalas<br \/>\nIlgis: 197 mm<br \/>\nSvoris: ma\u017edaug. 823 g<br \/>\nTalpa: 14 \u0161ovini\u0173<br \/>\nKalibras: 9 mm PAK<\/p>\n","protected":false},"featured_media":152592,"template":"","meta":{"_acf_changed":false},"product_brand":[],"product_cat":[1148],"product_tag":[],"class_list":{"0":"post-148784","1":"product","2":"type-product","3":"status-publish","4":"has-post-thumbnail","6":"product_cat-pradedantys-pistoletai","8":"first","9":"instock","10":"taxable","11":"shipping-taxable","12":"purchasable","13":"product-type-simple"},"acf":[],"_links":{"self":[{"href":"https:\/\/kingarms.ee\/lt\/wp-json\/wp\/v2\/product\/148784","targetHints":{"allow":["GET"]}}],"collection":[{"href":"https:\/\/kingarms.ee\/lt\/wp-json\/wp\/v2\/product"}],"about":[{"href":"https:\/\/kingarms.ee\/lt\/wp-json\/wp\/v2\/types\/product"}],"wp:featuredmedia":[{"embeddable":true,"href":"https:\/\/kingarms.ee\/lt\/wp-json\/wp\/v2\/media\/152592"}],"wp:attachment":[{"href":"https:\/\/kingarms.ee\/lt\/wp-json\/wp\/v2\/media?parent=148784"}],"wp:term":[{"taxonomy":"product_brand","embeddable":true,"href":"https:\/\/kingarms.ee\/lt\/wp-json\/wp\/v2\/product_brand?post=148784"},{"taxonomy":"product_cat","embeddable":true,"href":"https:\/\/kingarms.ee\/lt\/wp-json\/wp\/v2\/product_cat?post=148784"},{"taxonomy":"product_tag","embeddable":true,"href":"https:\/\/kingarms.ee\/lt\/wp-json\/wp\/v2\/product_tag?post=148784"}],"curies":[{"name":"wp","href":"https:\/\/api.w.org\/{rel}","templated":true}]}}