{"id":148790,"date":"2022-05-23T13:29:30","date_gmt":"2025-05-04T14:57:09","guid":{"rendered":"https:\/\/kingarms.ee\/product\/p99-dao-metaline-versija-co2-walther\/"},"modified":"2025-05-04T17:57:09","modified_gmt":"2025-05-04T14:57:09","slug":"p99-dao-metaline-versija-co2-walther","status":"publish","type":"product","link":"https:\/\/kingarms.ee\/lt\/product\/p99-dao-metaline-versija-co2-walther\/","title":{"rendered":"P99 DAO Metalin\u0117 versija Co2 Walther"},"content":{"rendered":"","protected":false},"excerpt":{"rendered":"<p>P99 DAO Metalin\u0117 versija Co2 Walther<\/p>\n<p>&#8222;Hop-Up&#8221;: Be Hop-Up<br \/>\nFotografavimo re\u017eimas: Pusiau automatinis<br \/>\n\u017diniatinklio talpa: 15 \u0161ovini\u0173<br \/>\nIlgis: 180 mm<br \/>\nVidinis cilindro ilgis: 107 mm<br \/>\nSi\u016blai: Si\u016blai<br \/>\nKalibras: 6 mm<br \/>\nSvoris: 590 g<br \/>\nPristatymo svoris: 730 g<\/p>\n","protected":false},"featured_media":120578,"template":"","meta":{"_acf_changed":false},"product_brand":[],"product_cat":[1142,1143],"product_tag":[],"class_list":{"0":"post-148790","1":"product","2":"type-product","3":"status-publish","4":"has-post-thumbnail","6":"product_cat-oro-ginklai","7":"product_cat-rankinis-ginklas","9":"first","10":"onbackorder","11":"taxable","12":"shipping-taxable","13":"product-type-simple"},"acf":[],"_links":{"self":[{"href":"https:\/\/kingarms.ee\/lt\/wp-json\/wp\/v2\/product\/148790","targetHints":{"allow":["GET"]}}],"collection":[{"href":"https:\/\/kingarms.ee\/lt\/wp-json\/wp\/v2\/product"}],"about":[{"href":"https:\/\/kingarms.ee\/lt\/wp-json\/wp\/v2\/types\/product"}],"wp:featuredmedia":[{"embeddable":true,"href":"https:\/\/kingarms.ee\/lt\/wp-json\/wp\/v2\/media\/120578"}],"wp:attachment":[{"href":"https:\/\/kingarms.ee\/lt\/wp-json\/wp\/v2\/media?parent=148790"}],"wp:term":[{"taxonomy":"product_brand","embeddable":true,"href":"https:\/\/kingarms.ee\/lt\/wp-json\/wp\/v2\/product_brand?post=148790"},{"taxonomy":"product_cat","embeddable":true,"href":"https:\/\/kingarms.ee\/lt\/wp-json\/wp\/v2\/product_cat?post=148790"},{"taxonomy":"product_tag","embeddable":true,"href":"https:\/\/kingarms.ee\/lt\/wp-json\/wp\/v2\/product_tag?post=148790"}],"curies":[{"name":"wp","href":"https:\/\/api.w.org\/{rel}","templated":true}]}}