{"id":148795,"date":"2022-05-23T12:47:28","date_gmt":"2025-05-04T15:05:08","guid":{"rendered":"https:\/\/kingarms.ee\/product\/gpm92-gp2-pistoleto-replika-gg\/"},"modified":"2025-05-04T18:05:08","modified_gmt":"2025-05-04T15:05:08","slug":"gpm92-gp2-pistoleto-replika-gg","status":"publish","type":"product","link":"https:\/\/kingarms.ee\/lt\/product\/gpm92-gp2-pistoleto-replika-gg\/","title":{"rendered":"GPM92 GP2 pistoleto replika G&amp;G"},"content":{"rendered":"","protected":false},"excerpt":{"rendered":"<p>GPM92 GP2 pistoleto replika G&amp;G<\/p>\n<p>Greitis [FPS] ~320<br \/>\nGaisro tipas Vienas<br \/>\nIlgis [mm] 230<br \/>\nSvoris [g] 1030<br \/>\n\u017durnalo tipas: \u017durnalas su ma\u017eu dangteliu<br \/>\n\u017durnal\u0173 talpa [vnt] 27<br \/>\n&#8220;Hop-Up&#8221;: taip<br \/>\nAtsitraukimas: Taip<br \/>\nPagaminta i\u0161 plastiko ir metalo<br \/>\nVaromoji j\u0117ga \/ Duj\u0173 varomoji j\u0117ga &#8211; \u017daliosios dujos<\/p>\n","protected":false},"featured_media":120524,"template":"","meta":{"_acf_changed":false},"product_brand":[],"product_cat":[1138],"product_tag":[],"class_list":{"0":"post-148795","1":"product","2":"type-product","3":"status-publish","4":"has-post-thumbnail","6":"product_cat-airsoft-pistols","8":"first","9":"onbackorder","10":"taxable","11":"shipping-taxable","12":"product-type-simple"},"acf":[],"_links":{"self":[{"href":"https:\/\/kingarms.ee\/lt\/wp-json\/wp\/v2\/product\/148795","targetHints":{"allow":["GET"]}}],"collection":[{"href":"https:\/\/kingarms.ee\/lt\/wp-json\/wp\/v2\/product"}],"about":[{"href":"https:\/\/kingarms.ee\/lt\/wp-json\/wp\/v2\/types\/product"}],"wp:featuredmedia":[{"embeddable":true,"href":"https:\/\/kingarms.ee\/lt\/wp-json\/wp\/v2\/media\/120524"}],"wp:attachment":[{"href":"https:\/\/kingarms.ee\/lt\/wp-json\/wp\/v2\/media?parent=148795"}],"wp:term":[{"taxonomy":"product_brand","embeddable":true,"href":"https:\/\/kingarms.ee\/lt\/wp-json\/wp\/v2\/product_brand?post=148795"},{"taxonomy":"product_cat","embeddable":true,"href":"https:\/\/kingarms.ee\/lt\/wp-json\/wp\/v2\/product_cat?post=148795"},{"taxonomy":"product_tag","embeddable":true,"href":"https:\/\/kingarms.ee\/lt\/wp-json\/wp\/v2\/product_tag?post=148795"}],"curies":[{"name":"wp","href":"https:\/\/api.w.org\/{rel}","templated":true}]}}