{"id":148803,"date":"2022-05-23T11:35:03","date_gmt":"2025-05-04T15:16:51","guid":{"rendered":"https:\/\/kingarms.ee\/product\/4-asmenu-medziokliniai-placiaasmeniai-3-vnt-rinkinys-man-kung\/"},"modified":"2025-05-04T18:16:51","modified_gmt":"2025-05-04T15:16:51","slug":"4-asmenu-medziokliniai-placiaasmeniai-3-vnt-rinkinys-man-kung","status":"publish","type":"product","link":"https:\/\/kingarms.ee\/lt\/product\/4-asmenu-medziokliniai-placiaasmeniai-3-vnt-rinkinys-man-kung\/","title":{"rendered":"4 A\u0160MEN\u0172 MED\u017dIOKLINIAI PLA\u010cIAA\u0160MENIAI 3 VNT. RINKINYS MAN KUNG"},"content":{"rendered":"","protected":false},"excerpt":{"rendered":"<p>4 A\u0160MEN\u0172 MED\u017dIOKLINIAI PLA\u010cIAA\u0160MENIAI 3 VNT. RINKINYS MAN KUNG<\/p>\n<p>4 a\u0161men\u0173 med\u017eiokliniai pla\u010diaa\u0161meniai<br \/>\n3 dali\u0173 rinkinys<\/p>\n","protected":false},"featured_media":120484,"template":"","meta":{"_acf_changed":false},"product_brand":[],"product_cat":[1151,1154],"product_tag":[],"class_list":{"0":"post-148803","1":"product","2":"type-product","3":"status-publish","4":"has-post-thumbnail","6":"product_cat-lankai-ir-skersiniai","7":"product_cat-rodykles-patarimai","9":"first","10":"instock","11":"taxable","12":"shipping-taxable","13":"purchasable","14":"product-type-simple"},"acf":[],"_links":{"self":[{"href":"https:\/\/kingarms.ee\/lt\/wp-json\/wp\/v2\/product\/148803","targetHints":{"allow":["GET"]}}],"collection":[{"href":"https:\/\/kingarms.ee\/lt\/wp-json\/wp\/v2\/product"}],"about":[{"href":"https:\/\/kingarms.ee\/lt\/wp-json\/wp\/v2\/types\/product"}],"wp:featuredmedia":[{"embeddable":true,"href":"https:\/\/kingarms.ee\/lt\/wp-json\/wp\/v2\/media\/120484"}],"wp:attachment":[{"href":"https:\/\/kingarms.ee\/lt\/wp-json\/wp\/v2\/media?parent=148803"}],"wp:term":[{"taxonomy":"product_brand","embeddable":true,"href":"https:\/\/kingarms.ee\/lt\/wp-json\/wp\/v2\/product_brand?post=148803"},{"taxonomy":"product_cat","embeddable":true,"href":"https:\/\/kingarms.ee\/lt\/wp-json\/wp\/v2\/product_cat?post=148803"},{"taxonomy":"product_tag","embeddable":true,"href":"https:\/\/kingarms.ee\/lt\/wp-json\/wp\/v2\/product_tag?post=148803"}],"curies":[{"name":"wp","href":"https:\/\/api.w.org\/{rel}","templated":true}]}}