{"id":148805,"date":"2022-05-19T03:11:47","date_gmt":"2025-05-04T15:19:29","guid":{"rendered":"https:\/\/kingarms.ee\/product\/aliuminio-varztas-20-coliu-kamufliazas-ek-lankininkai\/"},"modified":"2025-05-04T18:19:29","modified_gmt":"2025-05-04T15:19:29","slug":"aliuminio-varztas-20-coliu-kamufliazas-ek-lankininkai","status":"publish","type":"product","link":"https:\/\/kingarms.ee\/lt\/product\/aliuminio-varztas-20-coliu-kamufliazas-ek-lankininkai\/","title":{"rendered":"ALIUMINIO VAR\u017dTAS 20 COLI\u0172 KAMUFLIA\u017dAS [EK LANKININKAI]"},"content":{"rendered":"","protected":false},"excerpt":{"rendered":"<p>Aliuminio var\u017etas 20 coli\u0173 kamuflia\u017eas [Ek Archery]<\/p>\n<p>Arbaleto var\u017etas<br \/>\nAliuminis<br \/>\nIlgis 20&#8243;<br \/>\nSkersmuo 8,7 cm<br \/>\nKamuflia\u017eo spalva<\/p>\n","protected":false},"featured_media":120136,"template":"","meta":{"_acf_changed":false},"product_brand":[],"product_cat":[1151,1154],"product_tag":[],"class_list":{"0":"post-148805","1":"product","2":"type-product","3":"status-publish","4":"has-post-thumbnail","6":"product_cat-lankai-ir-skersiniai","7":"product_cat-rodykles-patarimai","9":"first","10":"instock","11":"purchasable","12":"product-type-simple"},"acf":[],"_links":{"self":[{"href":"https:\/\/kingarms.ee\/lt\/wp-json\/wp\/v2\/product\/148805","targetHints":{"allow":["GET"]}}],"collection":[{"href":"https:\/\/kingarms.ee\/lt\/wp-json\/wp\/v2\/product"}],"about":[{"href":"https:\/\/kingarms.ee\/lt\/wp-json\/wp\/v2\/types\/product"}],"wp:featuredmedia":[{"embeddable":true,"href":"https:\/\/kingarms.ee\/lt\/wp-json\/wp\/v2\/media\/120136"}],"wp:attachment":[{"href":"https:\/\/kingarms.ee\/lt\/wp-json\/wp\/v2\/media?parent=148805"}],"wp:term":[{"taxonomy":"product_brand","embeddable":true,"href":"https:\/\/kingarms.ee\/lt\/wp-json\/wp\/v2\/product_brand?post=148805"},{"taxonomy":"product_cat","embeddable":true,"href":"https:\/\/kingarms.ee\/lt\/wp-json\/wp\/v2\/product_cat?post=148805"},{"taxonomy":"product_tag","embeddable":true,"href":"https:\/\/kingarms.ee\/lt\/wp-json\/wp\/v2\/product_tag?post=148805"}],"curies":[{"name":"wp","href":"https:\/\/api.w.org\/{rel}","templated":true}]}}