{"id":148808,"date":"2022-05-19T03:11:47","date_gmt":"2025-05-04T15:24:39","guid":{"rendered":"https:\/\/kingarms.ee\/product\/sudetinis-arbaletas-140fps-js-archery\/"},"modified":"2025-05-04T18:24:39","modified_gmt":"2025-05-04T15:24:39","slug":"sudetinis-arbaletas-140fps-js-archery","status":"publish","type":"product","link":"https:\/\/kingarms.ee\/lt\/product\/sudetinis-arbaletas-140fps-js-archery\/","title":{"rendered":"SUD\u0116TINIS ARBALETAS 140FPS [JS-ARCHERY]"},"content":{"rendered":"","protected":false},"excerpt":{"rendered":"<p>Sud\u0117tinis arbaletas 140fps [js-archery]<\/p>\n<p>Sud\u0117tinis arbaletas<br \/>\nGreitis 140fps<br \/>\nGalios eiga: 9&#8243;<br \/>\nPolimerinis korpusas<br \/>\nMetalin\u0117 lanko lentos konstrukcija ir kamuoliuk\u0173 \u017eurnalas<br \/>\nReguliuojamas galinis vaizdas<\/p>\n<p>Saugus<br \/>\nMetalin\u0117 ne\u0161iojimo rankena<br \/>\nVir\u0161utin\u0117 26 kamuoliuk\u0173 talpykla<br \/>\nGalima naudoti ir su var\u017etais, ir su rutuliukais<br \/>\nMatmenys 755 mm x 565 mm<br \/>\nSvoris 2300 g<\/p>\n","protected":false},"featured_media":120156,"template":"","meta":{"_acf_changed":false},"product_brand":[],"product_cat":[1151,1152],"product_tag":[],"class_list":{"0":"post-148808","1":"product","2":"type-product","3":"status-publish","4":"has-post-thumbnail","6":"product_cat-lankai-ir-skersiniai","7":"product_cat-skersiniai","9":"first","10":"instock","11":"purchasable","12":"product-type-simple"},"acf":[],"_links":{"self":[{"href":"https:\/\/kingarms.ee\/lt\/wp-json\/wp\/v2\/product\/148808","targetHints":{"allow":["GET"]}}],"collection":[{"href":"https:\/\/kingarms.ee\/lt\/wp-json\/wp\/v2\/product"}],"about":[{"href":"https:\/\/kingarms.ee\/lt\/wp-json\/wp\/v2\/types\/product"}],"wp:featuredmedia":[{"embeddable":true,"href":"https:\/\/kingarms.ee\/lt\/wp-json\/wp\/v2\/media\/120156"}],"wp:attachment":[{"href":"https:\/\/kingarms.ee\/lt\/wp-json\/wp\/v2\/media?parent=148808"}],"wp:term":[{"taxonomy":"product_brand","embeddable":true,"href":"https:\/\/kingarms.ee\/lt\/wp-json\/wp\/v2\/product_brand?post=148808"},{"taxonomy":"product_cat","embeddable":true,"href":"https:\/\/kingarms.ee\/lt\/wp-json\/wp\/v2\/product_cat?post=148808"},{"taxonomy":"product_tag","embeddable":true,"href":"https:\/\/kingarms.ee\/lt\/wp-json\/wp\/v2\/product_tag?post=148808"}],"curies":[{"name":"wp","href":"https:\/\/api.w.org\/{rel}","templated":true}]}}