{"id":148810,"date":"2022-05-19T03:11:47","date_gmt":"2025-05-04T15:27:01","guid":{"rendered":"https:\/\/kingarms.ee\/product\/g2h-serijos-sautuvu-zurnalas-40-soviniu-gg\/"},"modified":"2025-05-04T18:27:01","modified_gmt":"2025-05-04T15:27:01","slug":"g2h-serijos-sautuvu-zurnalas-40-soviniu-gg","status":"publish","type":"product","link":"https:\/\/kingarms.ee\/lt\/product\/g2h-serijos-sautuvu-zurnalas-40-soviniu-gg\/","title":{"rendered":"G2H SERIJOS \u0160AUTUV\u0172 \u017dURNALAS 40 \u0160OVINI\u0172 G&amp;G"},"content":{"rendered":"","protected":false},"excerpt":{"rendered":"<p>G2H SERIJOS \u0160AUTUV\u0172 \u017dURNALAS 40 \u0160OVINI\u0172 G&amp;G<\/p>\n<p>G2h serijos elektrini\u0173 \u0161autuv\u0173 \u017eurnalas (gg-308sr, gg-308wh)<br \/>\n40 \u0161ovini\u0173<br \/>\nNailono pluo\u0161to audinys<\/p>\n","protected":false},"featured_media":120182,"template":"","meta":{"_acf_changed":false},"product_brand":[],"product_cat":[1199,1198],"product_tag":[],"class_list":{"0":"post-148810","1":"product","2":"type-product","3":"status-publish","4":"has-post-thumbnail","6":"product_cat-airsoft-lt","7":"product_cat-cheaters-ir-kisenes","9":"first","10":"instock","11":"purchasable","12":"product-type-simple"},"acf":[],"_links":{"self":[{"href":"https:\/\/kingarms.ee\/lt\/wp-json\/wp\/v2\/product\/148810","targetHints":{"allow":["GET"]}}],"collection":[{"href":"https:\/\/kingarms.ee\/lt\/wp-json\/wp\/v2\/product"}],"about":[{"href":"https:\/\/kingarms.ee\/lt\/wp-json\/wp\/v2\/types\/product"}],"wp:featuredmedia":[{"embeddable":true,"href":"https:\/\/kingarms.ee\/lt\/wp-json\/wp\/v2\/media\/120182"}],"wp:attachment":[{"href":"https:\/\/kingarms.ee\/lt\/wp-json\/wp\/v2\/media?parent=148810"}],"wp:term":[{"taxonomy":"product_brand","embeddable":true,"href":"https:\/\/kingarms.ee\/lt\/wp-json\/wp\/v2\/product_brand?post=148810"},{"taxonomy":"product_cat","embeddable":true,"href":"https:\/\/kingarms.ee\/lt\/wp-json\/wp\/v2\/product_cat?post=148810"},{"taxonomy":"product_tag","embeddable":true,"href":"https:\/\/kingarms.ee\/lt\/wp-json\/wp\/v2\/product_tag?post=148810"}],"curies":[{"name":"wp","href":"https:\/\/api.w.org\/{rel}","templated":true}]}}