{"id":148814,"date":"2022-05-19T03:11:47","date_gmt":"2025-05-04T15:31:38","guid":{"rendered":"https:\/\/kingarms.ee\/product\/110-soviniu-detuve-pcc45-gg\/"},"modified":"2025-05-04T18:31:38","modified_gmt":"2025-05-04T15:31:38","slug":"110-soviniu-detuve-pcc45-gg","status":"publish","type":"product","link":"https:\/\/kingarms.ee\/lt\/product\/110-soviniu-detuve-pcc45-gg\/","title":{"rendered":"110 \u0160OVINI\u0172 D\u0116TUV\u0116 PCC45 G&amp;G"},"content":{"rendered":"","protected":false},"excerpt":{"rendered":"<p>110 \u0160OVINI\u0172 D\u0116TUV\u0116 PCC45 G&amp;G<\/p>\n<p>Vidutin\u0117s talpos d\u0117tuv\u0117s talpa 110 \u0161ovini\u0173 polimerin\u0117 konstrukcija<br \/>\nTinka pcc45 serijos g&amp;g elektriniams \u0161autuvams<\/p>\n","protected":false},"featured_media":134303,"template":"","meta":{"_acf_changed":false},"product_brand":[],"product_cat":[1199,1198],"product_tag":[],"class_list":{"0":"post-148814","1":"product","2":"type-product","3":"status-publish","4":"has-post-thumbnail","6":"product_cat-airsoft-lt","7":"product_cat-cheaters-ir-kisenes","9":"first","10":"instock","11":"purchasable","12":"product-type-simple"},"acf":[],"_links":{"self":[{"href":"https:\/\/kingarms.ee\/lt\/wp-json\/wp\/v2\/product\/148814","targetHints":{"allow":["GET"]}}],"collection":[{"href":"https:\/\/kingarms.ee\/lt\/wp-json\/wp\/v2\/product"}],"about":[{"href":"https:\/\/kingarms.ee\/lt\/wp-json\/wp\/v2\/types\/product"}],"wp:featuredmedia":[{"embeddable":true,"href":"https:\/\/kingarms.ee\/lt\/wp-json\/wp\/v2\/media\/134303"}],"wp:attachment":[{"href":"https:\/\/kingarms.ee\/lt\/wp-json\/wp\/v2\/media?parent=148814"}],"wp:term":[{"taxonomy":"product_brand","embeddable":true,"href":"https:\/\/kingarms.ee\/lt\/wp-json\/wp\/v2\/product_brand?post=148814"},{"taxonomy":"product_cat","embeddable":true,"href":"https:\/\/kingarms.ee\/lt\/wp-json\/wp\/v2\/product_cat?post=148814"},{"taxonomy":"product_tag","embeddable":true,"href":"https:\/\/kingarms.ee\/lt\/wp-json\/wp\/v2\/product_tag?post=148814"}],"curies":[{"name":"wp","href":"https:\/\/api.w.org\/{rel}","templated":true}]}}