{"id":148816,"date":"2022-05-19T03:11:47","date_gmt":"2025-05-04T15:34:09","guid":{"rendered":"https:\/\/kingarms.ee\/product\/1500-soviniu-bugninis-zurnalas-pcc45-gg\/"},"modified":"2025-05-04T18:34:09","modified_gmt":"2025-05-04T15:34:09","slug":"1500-soviniu-bugninis-zurnalas-pcc45-gg","status":"publish","type":"product","link":"https:\/\/kingarms.ee\/lt\/product\/1500-soviniu-bugninis-zurnalas-pcc45-gg\/","title":{"rendered":"1500 \u0160OVINI\u0172 B\u016aGNINIS \u017dURNALAS PCC45 G&amp;G"},"content":{"rendered":"","protected":false},"excerpt":{"rendered":"<p>1500 \u0160OVINI\u0172 B\u016aGNINIS \u017dURNALAS PCC45 G&amp;G<\/p>\n<p>\u017durnalas &#8222;Drum<br \/>\nPolimerin\u0117 konstrukcija<br \/>\n1500 \u0161ovini\u0173<br \/>\nRankinis vyniojimas<br \/>\nTinka pcc45 serijos elektriniams \u0161autuvams<\/p>\n","protected":false},"featured_media":120200,"template":"","meta":{"_acf_changed":false},"product_brand":[],"product_cat":[1199,1198],"product_tag":[],"class_list":{"0":"post-148816","1":"product","2":"type-product","3":"status-publish","4":"has-post-thumbnail","6":"product_cat-airsoft-lt","7":"product_cat-cheaters-ir-kisenes","9":"first","10":"instock","11":"sale","12":"purchasable","13":"product-type-simple"},"acf":[],"_links":{"self":[{"href":"https:\/\/kingarms.ee\/lt\/wp-json\/wp\/v2\/product\/148816","targetHints":{"allow":["GET"]}}],"collection":[{"href":"https:\/\/kingarms.ee\/lt\/wp-json\/wp\/v2\/product"}],"about":[{"href":"https:\/\/kingarms.ee\/lt\/wp-json\/wp\/v2\/types\/product"}],"wp:featuredmedia":[{"embeddable":true,"href":"https:\/\/kingarms.ee\/lt\/wp-json\/wp\/v2\/media\/120200"}],"wp:attachment":[{"href":"https:\/\/kingarms.ee\/lt\/wp-json\/wp\/v2\/media?parent=148816"}],"wp:term":[{"taxonomy":"product_brand","embeddable":true,"href":"https:\/\/kingarms.ee\/lt\/wp-json\/wp\/v2\/product_brand?post=148816"},{"taxonomy":"product_cat","embeddable":true,"href":"https:\/\/kingarms.ee\/lt\/wp-json\/wp\/v2\/product_cat?post=148816"},{"taxonomy":"product_tag","embeddable":true,"href":"https:\/\/kingarms.ee\/lt\/wp-json\/wp\/v2\/product_tag?post=148816"}],"curies":[{"name":"wp","href":"https:\/\/api.w.org\/{rel}","templated":true}]}}